{"id":3612,"date":"2017-06-01T17:31:22","date_gmt":"2017-06-01T15:31:22","guid":{"rendered":"https:\/\/www.ottani.it\/unternehmen\/macchinari\/"},"modified":"2026-01-20T14:17:38","modified_gmt":"2026-01-20T13:17:38","slug":"maschinenpark","status":"publish","type":"page","link":"https:\/\/www.ottani.it\/de\/unternehmen\/maschinenpark\/","title":{"rendered":"MASCHINENPARK"},"content":{"rendered":"<div class=\"wpb-content-wrapper\"><p>[vc_row type=&#8220;vc_default&#8220; full_width=&#8220;stretch_row_content_no_spaces&#8220;][vc_column width=&#8220;1\/2&#8243; css=&#8220;.vc_custom_1513329502691{padding-right: 10px !important;}&#8220;][vc_single_image image=&#8220;1080&#8243; img_size=&#8220;full&#8220;][\/vc_column][vc_column width=&#8220;1\/2&#8243; css=&#8220;.vc_custom_1513329508859{padding-left: 10px !important;}&#8220;][vc_single_image image=&#8220;1078&#8243; img_size=&#8220;full&#8220;][\/vc_column][\/vc_row][vc_row][vc_column width=&#8220;1\/2&#8243;][vc_column_text css=&#8220;&#8220;]<\/p>\n<p class=\"p1\"><span class=\"s1\">Zu unseren weiteren Einrichtungen geh\u00f6ren:<br \/>\n\u2013 <strong>Reinigungsabteilung<\/strong>: Umweltfreundliche IFP-Reinigungsmaschine mit geschlossenem Kreislauf, die mit modifiziertem Alkohol und Ultraschall arbeitet.<br \/>\n\u2013 <strong>Werkzeugabteilung<\/strong>: Alle Werkzeuge sind sortiert und in speziellen Regalen verwahrt. <span class=\"Apple-converted-space\">\u00a0<\/span><\/span><\/p>\n<p class=\"p1\"><span class=\"s1\">Dar\u00fcber hinaus sind wir dank hochqualifizierten externen Lieferanten in der Lage, Teile mit Oberfl\u00e4chen- und\/oder W\u00e4rmebehandlung bereitzustellen.<span class=\"Apple-converted-space\">\u00a0<\/span><\/span><\/p>\n<p class=\"p1\"><span class=\"s1\">Die Anlage \u201eOttani 2\u201c ist f\u00fcr Nachbearbeitungen nach dem Drehen eingerichtet, um zus\u00e4tzliche Bearbeitungsschritte wie Markierungen, Einbau von O-Ringen und Montagearbeiten durchzuf\u00fchren.<\/span><\/p>\n<p class=\"p2\"><span class=\"s1\">In unserem Messraum k\u00f6nnen Messungen mit einer Genauigkeit von 2 Mikrometern durchgef\u00fchrt werden.<\/span><\/p>\n<p>[\/vc_column_text][\/vc_column][vc_column width=&#8220;1\/2&#8243;][vc_single_image image=&#8220;4009&#8243; img_size=&#8220;full&#8220; add_caption=&#8220;yes&#8220; alignment=&#8220;center&#8220; onclick=&#8220;link_image&#8220; css=&#8220;&#8220;][\/vc_column][\/vc_row]<\/p>\n<\/div>","protected":false},"excerpt":{"rendered":"<p>[vc_row type=&#8220;vc_default&#8220; full_width=&#8220;stretch_row_content_no_spaces&#8220;][vc_column width=&#8220;1\/2&#8243; css=&#8220;.vc_custom_1513329502691{padding-right: 10px !important;}&#8220;][vc_single_image image=&#8220;1080&#8243; img_size=&#8220;full&#8220;][\/vc_column][vc_column width=&#8220;1\/2&#8243; css=&#8220;.vc_custom_1513329508859{padding-left: 10px !important;}&#8220;][vc_single_image image=&#8220;1078&#8243; img_size=&#8220;full&#8220;][\/vc_column][\/vc_row][vc_row][vc_column width=&#8220;1\/2&#8243;][vc_column_text css=&#8220;&#8220;] Zu unseren weiteren Einrichtungen geh\u00f6ren: \u2013 Reinigungsabteilung: Umweltfreundliche IFP-Reinigungsmaschine mit geschlossenem Kreislauf, die mit modifiziertem Alkohol und Ultraschall arbeitet. \u2013 Werkzeugabteilung: Alle Werkzeuge sind sortiert und in speziellen Regalen verwahrt. \u00a0 Dar\u00fcber hinaus sind wir dank hochqualifizierten externen&hellip;<\/p>\n","protected":false},"author":4,"featured_media":0,"parent":3609,"menu_order":0,"comment_status":"closed","ping_status":"closed","template":"","meta":{"footnotes":""},"class_list":["post-3612","page","type-page","status-publish","hentry","description-off"],"_links":{"self":[{"href":"https:\/\/www.ottani.it\/de\/wp-json\/wp\/v2\/pages\/3612","targetHints":{"allow":["GET"]}}],"collection":[{"href":"https:\/\/www.ottani.it\/de\/wp-json\/wp\/v2\/pages"}],"about":[{"href":"https:\/\/www.ottani.it\/de\/wp-json\/wp\/v2\/types\/page"}],"author":[{"embeddable":true,"href":"https:\/\/www.ottani.it\/de\/wp-json\/wp\/v2\/users\/4"}],"replies":[{"embeddable":true,"href":"https:\/\/www.ottani.it\/de\/wp-json\/wp\/v2\/comments?post=3612"}],"version-history":[{"count":6,"href":"https:\/\/www.ottani.it\/de\/wp-json\/wp\/v2\/pages\/3612\/revisions"}],"predecessor-version":[{"id":4012,"href":"https:\/\/www.ottani.it\/de\/wp-json\/wp\/v2\/pages\/3612\/revisions\/4012"}],"up":[{"embeddable":true,"href":"https:\/\/www.ottani.it\/de\/wp-json\/wp\/v2\/pages\/3609"}],"wp:attachment":[{"href":"https:\/\/www.ottani.it\/de\/wp-json\/wp\/v2\/media?parent=3612"}],"curies":[{"name":"wp","href":"https:\/\/api.w.org\/{rel}","templated":true}]}}