{"id":3649,"date":"2017-05-29T12:03:11","date_gmt":"2017-05-29T10:03:11","guid":{"rendered":"https:\/\/www.ottani.it\/qualita\/"},"modified":"2025-11-26T17:36:14","modified_gmt":"2025-11-26T16:36:14","slug":"qualitaet-und-umwelt","status":"publish","type":"page","link":"https:\/\/www.ottani.it\/de\/qualitaet-und-umwelt\/","title":{"rendered":"QUALIT\u00c4T UND UMWELT"},"content":{"rendered":"<div class=\"wpb-content-wrapper\"><p>[vc_row type=&#8220;vc_default&#8220; full_width=&#8220;stretch_row_content_no_spaces&#8220;][vc_column width=&#8220;1\/2&#8243; css=&#8220;.vc_custom_1513329502691{padding-right: 10px !important;}&#8220;][vc_single_image image=&#8220;73&#8243; img_size=&#8220;full&#8220;][\/vc_column][vc_column width=&#8220;1\/2&#8243; css=&#8220;.vc_custom_1513329508859{padding-left: 10px !important;}&#8220;][vc_single_image image=&#8220;3652&#8243; img_size=&#8220;full&#8220;][\/vc_column][\/vc_row][vc_row][vc_column width=&#8220;1\/2&#8243;][vc_column_text css=&#8220;&#8220;]<\/p>\n<h2>Qualit\u00e4t<\/h2>\n<p>Ottani ist seit 2018 nach der Qualit\u00e4tsnorm UNI EN ISO 9001:2015 und dem speziellen Qualit\u00e4tsmanagementstandard der Automobilindustrie IATF 16949:2016 zertifiziert, der einwandfreie Produktionsprozesse sowie den fristgerechten Versand des Endprodukts dank engmaschiger Kontrollen entlang der gesamten Lieferkette sicherstellt.\u2028Ein Beleg f\u00fcr die hohen Qualit\u00e4tsstandard, die das Unternehmen seit seiner Gr\u00fcndung verfolgt. Dar\u00fcber hinaus verf\u00fcgt Ottani Meccanica \u00fcber weitere Zertifizierungen von einigen der renommiertesten Unternehmen der Branche weltweit wie Weber-Marelli, Electrolux und Dell\u2019Orto, die zu unseren langj\u00e4hrigen Kunden und Partnern z\u00e4hlen.\u2028In unserem Produktionszyklus achten wir auf jedes Detail: von der Auswahl der Rohstoffe, deren Anforderungen sorgf\u00e4ltig gepr\u00fcft werden, bis zu den Endkontrollen. Auf diese Weise sind wir in der Lage, Endprodukte h\u00f6chster Qualit\u00e4t bereitzustellen, die die Montage ebenso streng kontrollierter Unterbaugruppen beinhalten.[\/vc_column_text][\/vc_column][vc_column width=&#8220;1\/2&#8243;][vc_single_image image=&#8220;3998&#8243; img_size=&#8220;full&#8220; onclick=&#8220;link_image&#8220; css=&#8220;.vc_custom_1764174968368{padding-top: 60px !important;}&#8220;][\/vc_column][\/vc_row][vc_row][vc_column width=&#8220;1\/2&#8243;][vc_column_text css=&#8220;&#8220;]<\/p>\n<h2>Umwelt und Sicherheit<\/h2>\n<p>Ottani Meccanica liegt Umweltschutz seit jeher am Herzen und setzt auf die laufende \u00dcberwachung der Rauchabsaugung und Sicherheit am Arbeitsplatz. Dies wird durch die Zertifizierung nach der Umweltmanagementnorm ISO-14001:2015 belegt. In puncto Sicherheit bereiten wir uns aktuell auf die Zertifizierung nach OHSAS 18001 vor, deren Anforderungen wir bereits jetzt zur G\u00e4nze erf\u00fcllen.[\/vc_column_text][\/vc_column][vc_column width=&#8220;1\/2&#8243;][vc_row_inner][vc_column_inner width=&#8220;1\/5&#8243;][vc_single_image image=&#8220;3676&#8243; img_size=&#8220;150&#215;212&#8243; add_caption=&#8220;yes&#8220; onclick=&#8220;link_image&#8220;][\/vc_column_inner][vc_column_inner width=&#8220;1\/5&#8243;][vc_single_image image=&#8220;3680&#8243; img_size=&#8220;150&#215;212&#8243; add_caption=&#8220;yes&#8220; onclick=&#8220;link_image&#8220;][\/vc_column_inner][vc_column_inner width=&#8220;1\/5&#8243;][vc_single_image image=&#8220;3674&#8243; img_size=&#8220;150&#215;212&#8243; add_caption=&#8220;yes&#8220; onclick=&#8220;link_image&#8220;][\/vc_column_inner][vc_column_inner width=&#8220;1\/5&#8243;][vc_single_image image=&#8220;3673&#8243; img_size=&#8220;150&#215;212&#8243; add_caption=&#8220;yes&#8220; onclick=&#8220;link_image&#8220;][\/vc_column_inner][vc_column_inner width=&#8220;1\/5&#8243;][vc_single_image image=&#8220;3681&#8243; img_size=&#8220;150&#215;212&#8243; add_caption=&#8220;yes&#8220; onclick=&#8220;link_image&#8220;][\/vc_column_inner][\/vc_row_inner][\/vc_column][\/vc_row][vc_row][vc_column width=&#8220;1\/2&#8243;][\/vc_column][vc_column width=&#8220;1\/2&#8243;]<span id=\"creative-link-wrap-7258\" class=\"ult_main_cl ult-adjust-bottom-margin  \" >\n\t \t\t\t<span class=\"ult_cl_link_2  ult_crlink\" >\n\t\t\t\t\t<a  data-ultimate-target='#creative-link-wrap-7258 .ult_colorlink'  data-responsive-json-new='{\"font-size\":\"\",\"line-height\":\"\"}'  href=\"http:\/\/www.ottani.it\/wp-content\/uploads\/2020\/01\/M11-PQ-8.4-Manuale-Qualit\u00e0-Fornitori.pdf\"  class=\"ult_colorlink ult-responsive \" style=\"font-weight:normal; \"  data-textcolor=\"#1e73be\" data-texthover=\"#1e73be\"data-bgcolor=\"#ffffff\"data-bghover=\"#ffffff\"data-style=\"Style_2\">\n\t\t\t\t\t\t\n\t\t\t\t\t\t<span data-hover=\"M11-PQ-8.4 Qualit\u00e4tshandbuch f\u00fcr Lieferanten\" style=\"color:#1e73be;;background:#ffffff;;\" class=\"ult_btn10_span   \">M11-PQ-8.4 Qualit\u00e4tshandbuch f\u00fcr Lieferanten<\/span>\n\t\t\t\t\t\t\n\t\t\t\t\t<\/a>\n\t\t\t\t<\/span>\n\t\t\t<\/span>[\/vc_column][\/vc_row][vc_row][vc_column width=&#8220;1\/2&#8243;][\/vc_column][vc_column width=&#8220;1\/2&#8243;]<span id=\"creative-link-wrap-4086\" class=\"ult_main_cl ult-adjust-bottom-margin  \" >\n\t \t\t\t<span class=\"ult_cl_link_2  ult_crlink\" >\n\t\t\t\t\t<a  data-ultimate-target='#creative-link-wrap-4086 .ult_colorlink'  data-responsive-json-new='{\"font-size\":\"\",\"line-height\":\"\"}'  href=\"http:\/\/www.ottani.it\/wp-content\/uploads\/2023\/12\/M03-PQ-5.2.1-01-r3-Codice-Etico.pdf\"  class=\"ult_colorlink ult-responsive \" style=\"font-weight:normal; \"  data-textcolor=\"#1e73be\" data-texthover=\"#1e73be\"data-bgcolor=\"#ffffff\"data-bghover=\"#ffffff\"data-style=\"Style_2\">\n\t\t\t\t\t\t\n\t\t\t\t\t\t<span data-hover=\"M03-PQ-5.2.1-01 r3 Verhaltenskodex\" style=\"color:#1e73be;;background:#ffffff;;\" class=\"ult_btn10_span   \">M03-PQ-5.2.1-01 r3 Verhaltenskodex<\/span>\n\t\t\t\t\t\t\n\t\t\t\t\t<\/a>\n\t\t\t\t<\/span>\n\t\t\t<\/span>[\/vc_column][\/vc_row]<\/p>\n<\/div>","protected":false},"excerpt":{"rendered":"<p>[vc_row type=&#8220;vc_default&#8220; full_width=&#8220;stretch_row_content_no_spaces&#8220;][vc_column width=&#8220;1\/2&#8243; css=&#8220;.vc_custom_1513329502691{padding-right: 10px !important;}&#8220;][vc_single_image image=&#8220;73&#8243; img_size=&#8220;full&#8220;][\/vc_column][vc_column width=&#8220;1\/2&#8243; css=&#8220;.vc_custom_1513329508859{padding-left: 10px !important;}&#8220;][vc_single_image image=&#8220;3652&#8243; img_size=&#8220;full&#8220;][\/vc_column][\/vc_row][vc_row][vc_column width=&#8220;1\/2&#8243;][vc_column_text css=&#8220;&#8220;] Qualit\u00e4t Ottani ist seit 2018 nach der Qualit\u00e4tsnorm UNI EN ISO 9001:2015 und dem speziellen Qualit\u00e4tsmanagementstandard der Automobilindustrie IATF 16949:2016 zertifiziert, der einwandfreie Produktionsprozesse sowie den fristgerechten Versand des Endprodukts dank engmaschiger Kontrollen entlang der gesamten Lieferkette sicherstellt.\u2028Ein&hellip;<\/p>\n","protected":false},"author":4,"featured_media":0,"parent":0,"menu_order":0,"comment_status":"closed","ping_status":"closed","template":"","meta":{"footnotes":""},"class_list":["post-3649","page","type-page","status-publish","hentry","description-off"],"_links":{"self":[{"href":"https:\/\/www.ottani.it\/de\/wp-json\/wp\/v2\/pages\/3649","targetHints":{"allow":["GET"]}}],"collection":[{"href":"https:\/\/www.ottani.it\/de\/wp-json\/wp\/v2\/pages"}],"about":[{"href":"https:\/\/www.ottani.it\/de\/wp-json\/wp\/v2\/types\/page"}],"author":[{"embeddable":true,"href":"https:\/\/www.ottani.it\/de\/wp-json\/wp\/v2\/users\/4"}],"replies":[{"embeddable":true,"href":"https:\/\/www.ottani.it\/de\/wp-json\/wp\/v2\/comments?post=3649"}],"version-history":[{"count":6,"href":"https:\/\/www.ottani.it\/de\/wp-json\/wp\/v2\/pages\/3649\/revisions"}],"predecessor-version":[{"id":4001,"href":"https:\/\/www.ottani.it\/de\/wp-json\/wp\/v2\/pages\/3649\/revisions\/4001"}],"wp:attachment":[{"href":"https:\/\/www.ottani.it\/de\/wp-json\/wp\/v2\/media?parent=3649"}],"curies":[{"name":"wp","href":"https:\/\/api.w.org\/{rel}","templated":true}]}}