{"id":3688,"date":"2017-06-01T17:32:13","date_gmt":"2017-06-01T15:32:13","guid":{"rendered":"https:\/\/www.ottani.it\/unternehmen\/partner\/"},"modified":"2025-11-04T21:41:58","modified_gmt":"2025-11-04T20:41:58","slug":"partnerunternehmen","status":"publish","type":"page","link":"https:\/\/www.ottani.it\/de\/unternehmen\/partnerunternehmen\/","title":{"rendered":"PARTNERUNTERNEHMEN"},"content":{"rendered":"<div class=\"wpb-content-wrapper\"><p>[vc_row][vc_column][vc_column_text css=&#8220;&#8220;]Immerhin sind unsere Kunden und Partner die Ersten, die sich von der Qualit\u00e4t jedes einzelnen Teils \u00fcberzeugen k\u00f6nnen.<\/p>\n<p>In der Automobilbranche sind Magneti Marelli f\u00fcr Benzin- und Diesel-Einspritzanlagen sowie die Unternehmensgruppen Landi Renzo und MTM-BRC\/Westport f\u00fcr LPG- und Methan-Systeme zu nennen.<\/p>\n<p>In der Haushaltsger\u00e4teindustrie sind wir stolz darauf, nationaler und internationaler Partner der Electrolux-Gruppe sowie vieler anderer italienischer Kochfeldhersteller zu sein.\u2028Im Bereich Gasventile sind wir Teilelieferant von Sit, w\u00e4hrend wir im Hydraulik-Sektor renommierte Unternehmen wie Poclain Hydraulics und Bosch Rexroth Oil Control beliefern.<\/p>\n<p>&nbsp;<\/p>\n<div class=\"lshowcase-clear-both\">&nbsp;<\/div><div class=\"lshowcase-logos \"><div style='display:none;' class='lshowcase-wrap-carousel-0' ><div class=\"lshowcase-slide lshowcase-horizontal-slide\"><img src='https:\/\/www.ottani.it\/wp-content\/uploads\/2018\/03\/vis-200x133.jpg'  width='200'  height = '133'  alt='VIS HYDRAULICS' title='' class='lshowcase-normal'  \/><\/div><div class=\"lshowcase-slide lshowcase-horizontal-slide\"><img src='https:\/\/www.ottani.it\/wp-content\/uploads\/2018\/03\/NemLogo-200x43.jpg'  width='200'  height = '43'  alt='NEM' title='' class='lshowcase-normal'  \/><\/div><div class=\"lshowcase-slide lshowcase-horizontal-slide\"><img src='https:\/\/www.ottani.it\/wp-content\/uploads\/2018\/03\/worgas-logo.jpg'  width='156'  height = '156'  alt='WORGAS' title='' class='lshowcase-normal'  \/><\/div><div class=\"lshowcase-slide lshowcase-horizontal-slide\"><img src='https:\/\/www.ottani.it\/wp-content\/uploads\/2018\/03\/Fischer-OG-image-200x150.png'  width='200'  height = '150'  alt='FISCHER' title='' class='lshowcase-normal'  \/><\/div><div class=\"lshowcase-slide lshowcase-horizontal-slide\"><img src='https:\/\/www.ottani.it\/wp-content\/uploads\/2018\/03\/emer-ok.jpg'  width='169'  height = '170'  alt='EMER GROUP' title='' class='lshowcase-normal'  \/><\/div><div class=\"lshowcase-slide lshowcase-horizontal-slide\"><img src='https:\/\/www.ottani.it\/wp-content\/uploads\/2018\/03\/logo-200x59.gif'  width='200'  height = '59'  alt='METATRON' title='' class='lshowcase-normal'  \/><\/div><div class=\"lshowcase-slide lshowcase-horizontal-slide\"><img src='https:\/\/www.ottani.it\/wp-content\/uploads\/2018\/03\/Bertelli-en-Partners-200x50.jpg'  width='200'  height = '50'  alt='BERTELLI &#038; PARTNERS' title='' class='lshowcase-normal'  \/><\/div><div class=\"lshowcase-slide lshowcase-horizontal-slide\"><img src='https:\/\/www.ottani.it\/wp-content\/uploads\/2018\/03\/valtek.png_6372_1459648346-200x200.png'  width='200'  height = '200'  alt='VALTEK' title='' class='lshowcase-normal'  \/><\/div><div class=\"lshowcase-slide lshowcase-horizontal-slide\"><img src='https:\/\/www.ottani.it\/wp-content\/uploads\/2018\/03\/landirenzo-200x200.png'  width='200'  height = '200'  alt='LANDIRENZO' title='' class='lshowcase-normal'  \/><\/div><div class=\"lshowcase-slide lshowcase-horizontal-slide\"><img src='https:\/\/www.ottani.it\/wp-content\/uploads\/2018\/03\/SMEG-200x91.jpg'  width='200'  height = '91'  alt='SMEG' title='' class='lshowcase-normal'  \/><\/div><div class=\"lshowcase-slide lshowcase-horizontal-slide\"><img src='https:\/\/www.ottani.it\/wp-content\/uploads\/2018\/03\/marzocchi-pompe-360x203-200x113.gif'  width='200'  height = '113'  alt='MARZOCCHI POMPE' title='' class='lshowcase-normal'  \/><\/div><div class=\"lshowcase-slide lshowcase-horizontal-slide\"><img src='https:\/\/www.ottani.it\/wp-content\/uploads\/2018\/03\/glem-gas-logo-ADF8BC010C-seeklogo.com_.gif.png'  width='195'  height = '195'  alt='GLEM GAS' title='' class='lshowcase-normal'  \/><\/div><div class=\"lshowcase-slide lshowcase-horizontal-slide\"><img src='https:\/\/www.ottani.it\/wp-content\/uploads\/2018\/03\/Bompani-200x36.jpg'  width='200'  height = '36'  alt='BOMPANI' title='' class='lshowcase-normal'  \/><\/div><div class=\"lshowcase-slide lshowcase-horizontal-slide\"><img src='https:\/\/www.ottani.it\/wp-content\/uploads\/2017\/09\/800px-Magneti_Marelli_logo-200x101.png'  width='200'  height = '101'  alt='MAGNETI MARELLI' title='' class='lshowcase-normal'  \/><\/div><div class=\"lshowcase-slide lshowcase-horizontal-slide\"><img src='https:\/\/www.ottani.it\/wp-content\/uploads\/2017\/09\/somipress-1200x607-200x101.jpg'  width='200'  height = '101'  alt='SOMIPRESS' title='' class='lshowcase-normal'  \/><\/div><div class=\"lshowcase-slide lshowcase-horizontal-slide\"><img src='https:\/\/www.ottani.it\/wp-content\/uploads\/2017\/09\/banner3-200x57.png'  width='200'  height = '57'  alt='LOVATO GAS' title='' class='lshowcase-normal'  \/><\/div><div class=\"lshowcase-slide lshowcase-horizontal-slide\"><img src='https:\/\/www.ottani.it\/wp-content\/uploads\/2017\/09\/electrolux_logo_detail-200x59.png'  width='200'  height = '59'  alt='ELECTROLUX' title='' class='lshowcase-normal'  \/><\/div><div class=\"lshowcase-slide lshowcase-horizontal-slide\"><img src='https:\/\/www.ottani.it\/wp-content\/uploads\/2017\/09\/logo_sit-200x40.jpg'  width='200'  height = '40'  alt='SIT LA PRECISA' title='' class='lshowcase-normal'  \/><\/div><div class=\"lshowcase-slide lshowcase-horizontal-slide\"><img src='https:\/\/www.ottani.it\/wp-content\/uploads\/2017\/09\/poclain-powertrain-200x60.png'  width='200'  height = '60'  alt='POCLAIN' title='' class='lshowcase-normal'  \/><\/div><div class=\"lshowcase-slide lshowcase-horizontal-slide\"><img src='https:\/\/www.ottani.it\/wp-content\/uploads\/2017\/09\/rexroth-bosch-group-200x114.png'  width='200'  height = '114'  alt='BOSCH' title='' class='lshowcase-normal'  \/><\/div><\/div><\/div><div class=\"lshowcase-clear-both\">&nbsp;<\/div>[\/vc_column_text][\/vc_column][\/vc_row]<\/p>\n<\/div>","protected":false},"excerpt":{"rendered":"<p>[vc_row][vc_column][vc_column_text css=&#8220;&#8220;]Immerhin sind unsere Kunden und Partner die Ersten, die sich von der Qualit\u00e4t jedes einzelnen Teils \u00fcberzeugen k\u00f6nnen. In der Automobilbranche sind Magneti Marelli f\u00fcr Benzin- und Diesel-Einspritzanlagen sowie die Unternehmensgruppen Landi Renzo und MTM-BRC\/Westport f\u00fcr LPG- und Methan-Systeme zu nennen. In der Haushaltsger\u00e4teindustrie sind wir stolz darauf, nationaler und internationaler Partner der Electrolux-Gruppe&hellip;<\/p>\n","protected":false},"author":4,"featured_media":3689,"parent":3609,"menu_order":0,"comment_status":"closed","ping_status":"closed","template":"","meta":{"footnotes":""},"class_list":["post-3688","page","type-page","status-publish","has-post-thumbnail","hentry","description-off"],"_links":{"self":[{"href":"https:\/\/www.ottani.it\/de\/wp-json\/wp\/v2\/pages\/3688","targetHints":{"allow":["GET"]}}],"collection":[{"href":"https:\/\/www.ottani.it\/de\/wp-json\/wp\/v2\/pages"}],"about":[{"href":"https:\/\/www.ottani.it\/de\/wp-json\/wp\/v2\/types\/page"}],"author":[{"embeddable":true,"href":"https:\/\/www.ottani.it\/de\/wp-json\/wp\/v2\/users\/4"}],"replies":[{"embeddable":true,"href":"https:\/\/www.ottani.it\/de\/wp-json\/wp\/v2\/comments?post=3688"}],"version-history":[{"count":3,"href":"https:\/\/www.ottani.it\/de\/wp-json\/wp\/v2\/pages\/3688\/revisions"}],"predecessor-version":[{"id":3692,"href":"https:\/\/www.ottani.it\/de\/wp-json\/wp\/v2\/pages\/3688\/revisions\/3692"}],"up":[{"embeddable":true,"href":"https:\/\/www.ottani.it\/de\/wp-json\/wp\/v2\/pages\/3609"}],"wp:featuredmedia":[{"embeddable":true,"href":"https:\/\/www.ottani.it\/de\/wp-json\/wp\/v2\/media\/3689"}],"wp:attachment":[{"href":"https:\/\/www.ottani.it\/de\/wp-json\/wp\/v2\/media?parent=3688"}],"curies":[{"name":"wp","href":"https:\/\/api.w.org\/{rel}","templated":true}]}}