{"id":3877,"date":"2017-07-24T15:39:16","date_gmt":"2017-07-24T13:39:16","guid":{"rendered":"https:\/\/www.ottani.it\/cucina-a-gas\/"},"modified":"2025-11-05T18:54:54","modified_gmt":"2025-11-05T17:54:54","slug":"gasherde","status":"publish","type":"page","link":"https:\/\/www.ottani.it\/de\/produkte\/gasherde\/","title":{"rendered":"GASHERDE"},"content":{"rendered":"<div class=\"wpb-content-wrapper\"><p>[vc_row][vc_column][vc_column_text css=&#8220;&#8220;]<\/p>\n<p style=\"text-align: center;\">Die Sp\u00fclqualit\u00e4t der von uns gefertigten D\u00fcsen wird im Rahmen statistischer Tests oder auf Wunsch durch vollst\u00e4ndige Kontrollen sichergestellt.<\/p>\n<p style=\"text-align: center;\">Unsere Gasd\u00fcsen durchlaufen w\u00e4hrend der Produktion kontinuierliche Qualit\u00e4tspr\u00fcfungen, um h\u00f6chste Pr\u00e4zision und Effizienz nach der Montage sicherzustellen.<\/p>\n<p>[\/vc_column_text][\/vc_column][\/vc_row][vc_row][vc_column]<div class=\"dt-shortcode with-isotope\"><div class=\"wf-container dt-portfolio-shortcode jgrid-shortcode loading-effect-fade-in iso-grid jg-container description-on-hover hover-style-two hover-fade content-align-centre\" data-padding=\"20px\" data-cur-page=\"1\" data-posts-per-page=\"-1\" data-target-height=\"240px\">\n<div class=\"wf-cell\" data-post-id=\"3881\" data-date=\"2017-07-24T12:25:21+02:00\" data-name=\"D\u00fcse mit Federsitz aus Messing\">\n<article class=\"post post-3881 dt_portfolio type-dt_portfolio status-publish has-post-thumbnail hentry dt_portfolio_category-gasherde dt_portfolio_category-43 text-centered\">\n\n\t<figure class=\"rollover-project \">\n\t<a href=\"https:\/\/www.ottani.it\/de\/portfolio\/duese-mit-federsitz-aus-messing\/\" class=\"layzr-bg\" title=\"Iniettori Gas da Cucina - 007 copia\"  aria-label=\"Post image\"><img fetchpriority=\"high\" decoding=\"async\" class=\"preload-me jgrid-lazy-load aspect\" src=\"data:image\/svg+xml,%3Csvg%20xmlns%3D&#39;http%3A%2F%2Fwww.w3.org%2F2000%2Fsvg&#39;%20viewBox%3D&#39;0%200%20555%20312&#39;%2F%3E\" data-src=\"https:\/\/www.ottani.it\/wp-content\/uploads\/2017\/07\/Iniettori-Gas-da-Cucina-007-copia-555x312.jpg\" data-srcset=\"https:\/\/www.ottani.it\/wp-content\/uploads\/2017\/07\/Iniettori-Gas-da-Cucina-007-copia-555x312.jpg 555w, https:\/\/www.ottani.it\/wp-content\/uploads\/2017\/07\/Iniettori-Gas-da-Cucina-007-copia-1110x624.jpg 1110w\" loading=\"eager\" style=\"--ratio: 555 \/ 312\" sizes=\"(max-width: 555px) 100vw, 555px\" alt=\"\" width=\"555\" height=\"312\"  \/><\/a>\t\t<figcaption class=\"rollover-content\">\n\t\t<div class=\"links-container\"><a href=\"https:\/\/www.ottani.it\/wp-content\/uploads\/2017\/07\/Iniettori-Gas-da-Cucina-007-copia.jpg\" class=\"project-zoom dt-pswp-item dt-single-pswp-popup\" title=\"Iniettori Gas da Cucina - 007 copia\" data-dt-img-description=\"\" data-large_image_width=\"1920\" data-large_image_height=\"1080\" aria-label=\"Portfolio zoom icon\">Zoom<\/a><a href=\"https:\/\/www.ottani.it\/de\/portfolio\/duese-mit-federsitz-aus-messing\/\" class=\"project-details\">Details<\/a><\/div>\t\t\t\t<div class=\"rollover-content-container\">\n\t\t\t<h3 class=\"entry-title\"><a href=\"https:\/\/www.ottani.it\/de\/portfolio\/duese-mit-federsitz-aus-messing\/\" title=\"D\u00fcse mit Federsitz aus Messing\" rel=\"bookmark\">D\u00fcse mit Federsitz aus Messing<\/a><\/h3>\t\t<\/div>\n\t\t\t\t\t<\/figcaption>\n\t<\/figure>\n<\/article>\n\n<\/div>\n<div class=\"wf-cell\" data-post-id=\"3883\" data-date=\"2017-07-24T12:24:42+02:00\" data-name=\"Kochfeld-D\u00fcse aus Messing\">\n<article class=\"post post-3883 dt_portfolio type-dt_portfolio status-publish has-post-thumbnail hentry dt_portfolio_category-gasherde dt_portfolio_category-43 text-centered\">\n\n\t<figure class=\"rollover-project \">\n\t<a href=\"https:\/\/www.ottani.it\/de\/portfolio\/kochfeld-duese-aus-messing\/\" class=\"layzr-bg\" title=\"Iniettori Gas da Cucina - 005 copia\"  aria-label=\"Post image\"><img decoding=\"async\" class=\"preload-me jgrid-lazy-load aspect\" src=\"data:image\/svg+xml,%3Csvg%20xmlns%3D&#39;http%3A%2F%2Fwww.w3.org%2F2000%2Fsvg&#39;%20viewBox%3D&#39;0%200%20555%20312&#39;%2F%3E\" data-src=\"https:\/\/www.ottani.it\/wp-content\/uploads\/2017\/07\/Iniettori-Gas-da-Cucina-005-copia-555x312.jpg\" data-srcset=\"https:\/\/www.ottani.it\/wp-content\/uploads\/2017\/07\/Iniettori-Gas-da-Cucina-005-copia-555x312.jpg 555w, https:\/\/www.ottani.it\/wp-content\/uploads\/2017\/07\/Iniettori-Gas-da-Cucina-005-copia-1110x624.jpg 1110w\" loading=\"eager\" style=\"--ratio: 555 \/ 312\" sizes=\"(max-width: 555px) 100vw, 555px\" alt=\"\" width=\"555\" height=\"312\"  \/><\/a>\t\t<figcaption class=\"rollover-content\">\n\t\t<div class=\"links-container\"><a href=\"https:\/\/www.ottani.it\/wp-content\/uploads\/2017\/07\/Iniettori-Gas-da-Cucina-005-copia.jpg\" class=\"project-zoom dt-pswp-item dt-single-pswp-popup\" title=\"Iniettori Gas da Cucina - 005 copia\" data-dt-img-description=\"\" data-large_image_width=\"1920\" data-large_image_height=\"1080\" aria-label=\"Portfolio zoom icon\">Zoom<\/a><a href=\"https:\/\/www.ottani.it\/de\/portfolio\/kochfeld-duese-aus-messing\/\" class=\"project-details\">Details<\/a><\/div>\t\t\t\t<div class=\"rollover-content-container\">\n\t\t\t<h3 class=\"entry-title\"><a href=\"https:\/\/www.ottani.it\/de\/portfolio\/kochfeld-duese-aus-messing\/\" title=\"Kochfeld-D\u00fcse aus Messing\" rel=\"bookmark\">Kochfeld-D\u00fcse aus Messing<\/a><\/h3>\t\t<\/div>\n\t\t\t\t\t<\/figcaption>\n\t<\/figure>\n<\/article>\n\n<\/div>\n<div class=\"wf-cell\" data-post-id=\"3885\" data-date=\"2017-07-24T12:23:31+02:00\" data-name=\"Kochfeld-D\u00fcse aus Messing\">\n<article class=\"post post-3885 dt_portfolio type-dt_portfolio status-publish has-post-thumbnail hentry dt_portfolio_category-gasherde dt_portfolio_category-43 text-centered\">\n\n\t<figure class=\"rollover-project \">\n\t<a href=\"https:\/\/www.ottani.it\/de\/portfolio\/kochfeld-duese-aus-messing-2\/\" class=\"layzr-bg\" title=\"Iniettori Gas da Cucina - 004 copia\"  aria-label=\"Post image\"><img decoding=\"async\" class=\"preload-me jgrid-lazy-load aspect\" src=\"data:image\/svg+xml,%3Csvg%20xmlns%3D&#39;http%3A%2F%2Fwww.w3.org%2F2000%2Fsvg&#39;%20viewBox%3D&#39;0%200%20555%20312&#39;%2F%3E\" data-src=\"https:\/\/www.ottani.it\/wp-content\/uploads\/2017\/07\/Iniettori-Gas-da-Cucina-004-copia-555x312.jpg\" data-srcset=\"https:\/\/www.ottani.it\/wp-content\/uploads\/2017\/07\/Iniettori-Gas-da-Cucina-004-copia-555x312.jpg 555w, https:\/\/www.ottani.it\/wp-content\/uploads\/2017\/07\/Iniettori-Gas-da-Cucina-004-copia-1110x624.jpg 1110w\" loading=\"eager\" style=\"--ratio: 555 \/ 312\" sizes=\"(max-width: 555px) 100vw, 555px\" alt=\"\" width=\"555\" height=\"312\"  \/><\/a>\t\t<figcaption class=\"rollover-content\">\n\t\t<div class=\"links-container\"><a href=\"https:\/\/www.ottani.it\/wp-content\/uploads\/2017\/07\/Iniettori-Gas-da-Cucina-004-copia.jpg\" class=\"project-zoom dt-pswp-item dt-single-pswp-popup\" title=\"Iniettori Gas da Cucina - 004 copia\" data-dt-img-description=\"\" data-large_image_width=\"1920\" data-large_image_height=\"1080\" aria-label=\"Portfolio zoom icon\">Zoom<\/a><a href=\"https:\/\/www.ottani.it\/de\/portfolio\/kochfeld-duese-aus-messing-2\/\" class=\"project-details\">Details<\/a><\/div>\t\t\t\t<div class=\"rollover-content-container\">\n\t\t\t<h3 class=\"entry-title\"><a href=\"https:\/\/www.ottani.it\/de\/portfolio\/kochfeld-duese-aus-messing-2\/\" title=\"Kochfeld-D\u00fcse aus Messing\" rel=\"bookmark\">Kochfeld-D\u00fcse aus Messing<\/a><\/h3>\t\t<\/div>\n\t\t\t\t\t<\/figcaption>\n\t<\/figure>\n<\/article>\n\n<\/div>\n<div class=\"wf-cell\" data-post-id=\"3887\" data-date=\"2017-07-24T12:21:57+02:00\" data-name=\"Sechskantd\u00fcse 5.5 aus Messing\">\n<article class=\"post post-3887 dt_portfolio type-dt_portfolio status-publish has-post-thumbnail hentry dt_portfolio_category-gasherde dt_portfolio_category-43 text-centered\">\n\n\t<figure class=\"rollover-project \">\n\t<a href=\"https:\/\/www.ottani.it\/de\/portfolio\/sechskantduese-5-5-aus-messing\/\" class=\"layzr-bg\" title=\"Iniettori Gas da Cucina - 003 copia\"  aria-label=\"Post image\"><img decoding=\"async\" class=\"preload-me jgrid-lazy-load aspect\" src=\"data:image\/svg+xml,%3Csvg%20xmlns%3D&#39;http%3A%2F%2Fwww.w3.org%2F2000%2Fsvg&#39;%20viewBox%3D&#39;0%200%20555%20312&#39;%2F%3E\" data-src=\"https:\/\/www.ottani.it\/wp-content\/uploads\/2017\/07\/Iniettori-Gas-da-Cucina-003-copia-555x312.jpg\" data-srcset=\"https:\/\/www.ottani.it\/wp-content\/uploads\/2017\/07\/Iniettori-Gas-da-Cucina-003-copia-555x312.jpg 555w, https:\/\/www.ottani.it\/wp-content\/uploads\/2017\/07\/Iniettori-Gas-da-Cucina-003-copia-1110x624.jpg 1110w\" loading=\"eager\" style=\"--ratio: 555 \/ 312\" sizes=\"(max-width: 555px) 100vw, 555px\" alt=\"\" width=\"555\" height=\"312\"  \/><\/a>\t\t<figcaption class=\"rollover-content\">\n\t\t<div class=\"links-container\"><a href=\"https:\/\/www.ottani.it\/wp-content\/uploads\/2017\/07\/Iniettori-Gas-da-Cucina-003-copia.jpg\" class=\"project-zoom dt-pswp-item dt-single-pswp-popup\" title=\"Iniettori Gas da Cucina - 003 copia\" data-dt-img-description=\"\" data-large_image_width=\"1920\" data-large_image_height=\"1080\" aria-label=\"Portfolio zoom icon\">Zoom<\/a><a href=\"https:\/\/www.ottani.it\/de\/portfolio\/sechskantduese-5-5-aus-messing\/\" class=\"project-details\">Details<\/a><\/div>\t\t\t\t<div class=\"rollover-content-container\">\n\t\t\t<h3 class=\"entry-title\"><a href=\"https:\/\/www.ottani.it\/de\/portfolio\/sechskantduese-5-5-aus-messing\/\" title=\"Sechskantd\u00fcse 5.5 aus Messing\" rel=\"bookmark\">Sechskantd\u00fcse 5.5 aus Messing<\/a><\/h3>\t\t<\/div>\n\t\t\t\t\t<\/figcaption>\n\t<\/figure>\n<\/article>\n\n<\/div>\n<div class=\"wf-cell\" data-post-id=\"3889\" data-date=\"2017-07-24T12:11:33+02:00\" data-name=\"Verbinder mit D\u00fcse aus Messing\">\n<article class=\"post post-3889 dt_portfolio type-dt_portfolio status-publish has-post-thumbnail hentry dt_portfolio_category-gasherde dt_portfolio_category-43 text-centered\">\n\n\t<figure class=\"rollover-project \">\n\t<a href=\"https:\/\/www.ottani.it\/de\/portfolio\/verbinder-mit-duese-aus-messing\/\" class=\"layzr-bg\" title=\"Iniettori Gas da Cucina - 002 copia\"  aria-label=\"Post image\"><img decoding=\"async\" class=\"preload-me jgrid-lazy-load aspect\" src=\"data:image\/svg+xml,%3Csvg%20xmlns%3D&#39;http%3A%2F%2Fwww.w3.org%2F2000%2Fsvg&#39;%20viewBox%3D&#39;0%200%20555%20312&#39;%2F%3E\" data-src=\"https:\/\/www.ottani.it\/wp-content\/uploads\/2017\/07\/Iniettori-Gas-da-Cucina-002-copia-555x312.jpg\" data-srcset=\"https:\/\/www.ottani.it\/wp-content\/uploads\/2017\/07\/Iniettori-Gas-da-Cucina-002-copia-555x312.jpg 555w, https:\/\/www.ottani.it\/wp-content\/uploads\/2017\/07\/Iniettori-Gas-da-Cucina-002-copia-1110x624.jpg 1110w\" loading=\"eager\" style=\"--ratio: 555 \/ 312\" sizes=\"(max-width: 555px) 100vw, 555px\" alt=\"\" width=\"555\" height=\"312\"  \/><\/a>\t\t<figcaption class=\"rollover-content\">\n\t\t<div class=\"links-container\"><a href=\"https:\/\/www.ottani.it\/wp-content\/uploads\/2017\/07\/Iniettori-Gas-da-Cucina-002-copia.jpg\" class=\"project-zoom dt-pswp-item dt-single-pswp-popup\" title=\"Iniettori Gas da Cucina - 002 copia\" data-dt-img-description=\"\" data-large_image_width=\"1920\" data-large_image_height=\"1080\" aria-label=\"Portfolio zoom icon\">Zoom<\/a><a href=\"https:\/\/www.ottani.it\/de\/portfolio\/verbinder-mit-duese-aus-messing\/\" class=\"project-details\">Details<\/a><\/div>\t\t\t\t<div class=\"rollover-content-container\">\n\t\t\t<h3 class=\"entry-title\"><a href=\"https:\/\/www.ottani.it\/de\/portfolio\/verbinder-mit-duese-aus-messing\/\" title=\"Verbinder mit D\u00fcse aus Messing\" rel=\"bookmark\">Verbinder mit D\u00fcse aus Messing<\/a><\/h3>\t\t<\/div>\n\t\t\t\t\t<\/figcaption>\n\t<\/figure>\n<\/article>\n\n<\/div>\n<div class=\"wf-cell\" data-post-id=\"3891\" data-date=\"2017-07-24T12:10:45+02:00\" data-name=\"Luftregler mit D\u00fcse aus Messing\">\n<article class=\"post post-3891 dt_portfolio type-dt_portfolio status-publish has-post-thumbnail hentry dt_portfolio_category-gasherde dt_portfolio_category-43 text-centered\">\n\n\t<figure class=\"rollover-project \">\n\t<a href=\"https:\/\/www.ottani.it\/de\/portfolio\/luftregler-mit-duese-aus-messing\/\" class=\"layzr-bg\" title=\"Iniettori Gas da Cucina - 001 copia\"  aria-label=\"Post image\"><img decoding=\"async\" class=\"preload-me jgrid-lazy-load aspect\" src=\"data:image\/svg+xml,%3Csvg%20xmlns%3D&#39;http%3A%2F%2Fwww.w3.org%2F2000%2Fsvg&#39;%20viewBox%3D&#39;0%200%20555%20312&#39;%2F%3E\" data-src=\"https:\/\/www.ottani.it\/wp-content\/uploads\/2017\/07\/Iniettori-Gas-da-Cucina-001-copia-555x312.jpg\" data-srcset=\"https:\/\/www.ottani.it\/wp-content\/uploads\/2017\/07\/Iniettori-Gas-da-Cucina-001-copia-555x312.jpg 555w, https:\/\/www.ottani.it\/wp-content\/uploads\/2017\/07\/Iniettori-Gas-da-Cucina-001-copia-1110x624.jpg 1110w\" loading=\"eager\" style=\"--ratio: 555 \/ 312\" sizes=\"(max-width: 555px) 100vw, 555px\" alt=\"\" width=\"555\" height=\"312\"  \/><\/a>\t\t<figcaption class=\"rollover-content\">\n\t\t<div class=\"links-container\"><a href=\"https:\/\/www.ottani.it\/wp-content\/uploads\/2017\/07\/Iniettori-Gas-da-Cucina-001-copia.jpg\" class=\"project-zoom dt-pswp-item dt-single-pswp-popup\" title=\"Iniettori Gas da Cucina - 001 copia\" data-dt-img-description=\"\" data-large_image_width=\"1920\" data-large_image_height=\"1080\" aria-label=\"Portfolio zoom icon\">Zoom<\/a><a href=\"https:\/\/www.ottani.it\/de\/portfolio\/luftregler-mit-duese-aus-messing\/\" class=\"project-details\">Details<\/a><\/div>\t\t\t\t<div class=\"rollover-content-container\">\n\t\t\t<h3 class=\"entry-title\"><a href=\"https:\/\/www.ottani.it\/de\/portfolio\/luftregler-mit-duese-aus-messing\/\" title=\"Luftregler mit D\u00fcse aus Messing\" rel=\"bookmark\">Luftregler mit D\u00fcse aus Messing<\/a><\/h3>\t\t<\/div>\n\t\t\t\t\t<\/figcaption>\n\t<\/figure>\n<\/article>\n\n<\/div><\/div><\/div>[\/vc_column][\/vc_row]<\/p>\n<\/div>","protected":false},"excerpt":{"rendered":"<p>[vc_row][vc_column][vc_column_text css=&#8220;&#8220;] Die Sp\u00fclqualit\u00e4t der von uns gefertigten D\u00fcsen wird im Rahmen statistischer Tests oder auf Wunsch durch vollst\u00e4ndige Kontrollen sichergestellt. Unsere Gasd\u00fcsen durchlaufen w\u00e4hrend der Produktion kontinuierliche Qualit\u00e4tspr\u00fcfungen, um h\u00f6chste Pr\u00e4zision und Effizienz nach der Montage sicherzustellen. [\/vc_column_text][\/vc_column][\/vc_row][vc_row][vc_column][\/vc_column][\/vc_row]<\/p>\n","protected":false},"author":4,"featured_media":0,"parent":3943,"menu_order":0,"comment_status":"closed","ping_status":"closed","template":"","meta":{"footnotes":""},"class_list":["post-3877","page","type-page","status-publish","hentry","description-off"],"_links":{"self":[{"href":"https:\/\/www.ottani.it\/de\/wp-json\/wp\/v2\/pages\/3877","targetHints":{"allow":["GET"]}}],"collection":[{"href":"https:\/\/www.ottani.it\/de\/wp-json\/wp\/v2\/pages"}],"about":[{"href":"https:\/\/www.ottani.it\/de\/wp-json\/wp\/v2\/types\/page"}],"author":[{"embeddable":true,"href":"https:\/\/www.ottani.it\/de\/wp-json\/wp\/v2\/users\/4"}],"replies":[{"embeddable":true,"href":"https:\/\/www.ottani.it\/de\/wp-json\/wp\/v2\/comments?post=3877"}],"version-history":[{"count":3,"href":"https:\/\/www.ottani.it\/de\/wp-json\/wp\/v2\/pages\/3877\/revisions"}],"predecessor-version":[{"id":3893,"href":"https:\/\/www.ottani.it\/de\/wp-json\/wp\/v2\/pages\/3877\/revisions\/3893"}],"up":[{"embeddable":true,"href":"https:\/\/www.ottani.it\/de\/wp-json\/wp\/v2\/pages\/3943"}],"wp:attachment":[{"href":"https:\/\/www.ottani.it\/de\/wp-json\/wp\/v2\/media?parent=3877"}],"curies":[{"name":"wp","href":"https:\/\/api.w.org\/{rel}","templated":true}]}}