{"id":3932,"date":"2017-07-24T15:40:42","date_gmt":"2017-07-24T13:40:42","guid":{"rendered":"https:\/\/www.ottani.it\/oleodinamica\/"},"modified":"2025-11-05T19:48:44","modified_gmt":"2025-11-05T18:48:44","slug":"hydraulik","status":"publish","type":"page","link":"https:\/\/www.ottani.it\/de\/produkte\/hydraulik\/","title":{"rendered":"HYDRAULIK"},"content":{"rendered":"<div class=\"wpb-content-wrapper\"><p>[vc_row][vc_column][vc_column_text css=&#8220;&#8220;]<\/p>\n<p style=\"text-align: center;\">Wir fertigen Hydrauliksystem-Komponenten f\u00fcr Hersteller mobiler Maschinen.<\/p>\n<p style=\"text-align: center;\">Ottani Meccanica erzeugt Teile f\u00fcr Hydraulikzylinder, die in der Bagger-Produktion eingesetzt werden. Materialien erster G\u00fcte und modernste Bearbeitungstechnologien gew\u00e4hrleisten ein Endprodukt h\u00f6chster Qualit\u00e4t.<\/p>\n<p>[\/vc_column_text][\/vc_column][\/vc_row][vc_row][vc_column]<div class=\"dt-shortcode with-isotope\"><div class=\"wf-container dt-portfolio-shortcode jgrid-shortcode loading-effect-fade-in iso-grid jg-container description-on-hover hover-style-two hover-fade content-align-centre\" data-padding=\"20px\" data-cur-page=\"1\" data-posts-per-page=\"-1\" data-target-height=\"240px\">\n<div class=\"wf-cell\" data-post-id=\"3894\" data-date=\"2017-07-24T15:07:50+02:00\" data-name=\"Buchse aus Stahl\">\n<article class=\"post post-3894 dt_portfolio type-dt_portfolio status-publish has-post-thumbnail hentry dt_portfolio_category-hydraulik dt_portfolio_category-44 text-centered\">\n\n\t<figure class=\"rollover-project \">\n\t<a href=\"https:\/\/www.ottani.it\/de\/portfolio\/buchse-aus-stahl\/\" class=\"layzr-bg\" title=\"Oleodinamica - 010 copia\"  aria-label=\"Post image\"><img fetchpriority=\"high\" decoding=\"async\" class=\"preload-me jgrid-lazy-load aspect\" src=\"data:image\/svg+xml,%3Csvg%20xmlns%3D&#39;http%3A%2F%2Fwww.w3.org%2F2000%2Fsvg&#39;%20viewBox%3D&#39;0%200%20555%20312&#39;%2F%3E\" data-src=\"https:\/\/www.ottani.it\/wp-content\/uploads\/2017\/07\/Oleodinamica-010-copia-555x312.jpg\" data-srcset=\"https:\/\/www.ottani.it\/wp-content\/uploads\/2017\/07\/Oleodinamica-010-copia-555x312.jpg 555w, https:\/\/www.ottani.it\/wp-content\/uploads\/2017\/07\/Oleodinamica-010-copia-1110x624.jpg 1110w\" loading=\"eager\" style=\"--ratio: 555 \/ 312\" sizes=\"(max-width: 555px) 100vw, 555px\" alt=\"\" width=\"555\" height=\"312\"  \/><\/a>\t\t<figcaption class=\"rollover-content\">\n\t\t<div class=\"links-container\"><a href=\"https:\/\/www.ottani.it\/wp-content\/uploads\/2017\/07\/Oleodinamica-010-copia.jpg\" class=\"project-zoom dt-pswp-item dt-single-pswp-popup\" title=\"Oleodinamica - 010 copia\" data-dt-img-description=\"\" data-large_image_width=\"1920\" data-large_image_height=\"1080\" aria-label=\"Portfolio zoom icon\">Zoom<\/a><a href=\"https:\/\/www.ottani.it\/de\/portfolio\/buchse-aus-stahl\/\" class=\"project-details\">Details<\/a><\/div>\t\t\t\t<div class=\"rollover-content-container\">\n\t\t\t<h3 class=\"entry-title\"><a href=\"https:\/\/www.ottani.it\/de\/portfolio\/buchse-aus-stahl\/\" title=\"Buchse aus Stahl\" rel=\"bookmark\">Buchse aus Stahl<\/a><\/h3>\t\t<\/div>\n\t\t\t\t\t<\/figcaption>\n\t<\/figure>\n<\/article>\n\n<\/div>\n<div class=\"wf-cell\" data-post-id=\"3896\" data-date=\"2017-07-24T15:07:07+02:00\" data-name=\"Stahlh\u00fclse\">\n<article class=\"post post-3896 dt_portfolio type-dt_portfolio status-publish has-post-thumbnail hentry dt_portfolio_category-hydraulik dt_portfolio_category-44 text-centered\">\n\n\t<figure class=\"rollover-project \">\n\t<a href=\"https:\/\/www.ottani.it\/de\/portfolio\/stahlhuelse\/\" class=\"layzr-bg\" title=\"Oleodinamica - 009 copia\"  aria-label=\"Post image\"><img decoding=\"async\" class=\"preload-me jgrid-lazy-load aspect\" src=\"data:image\/svg+xml,%3Csvg%20xmlns%3D&#39;http%3A%2F%2Fwww.w3.org%2F2000%2Fsvg&#39;%20viewBox%3D&#39;0%200%20555%20312&#39;%2F%3E\" data-src=\"https:\/\/www.ottani.it\/wp-content\/uploads\/2017\/07\/Oleodinamica-009-copia-555x312.jpg\" data-srcset=\"https:\/\/www.ottani.it\/wp-content\/uploads\/2017\/07\/Oleodinamica-009-copia-555x312.jpg 555w, https:\/\/www.ottani.it\/wp-content\/uploads\/2017\/07\/Oleodinamica-009-copia-1110x624.jpg 1110w\" loading=\"eager\" style=\"--ratio: 555 \/ 312\" sizes=\"(max-width: 555px) 100vw, 555px\" alt=\"\" width=\"555\" height=\"312\"  \/><\/a>\t\t<figcaption class=\"rollover-content\">\n\t\t<div class=\"links-container\"><a href=\"https:\/\/www.ottani.it\/wp-content\/uploads\/2017\/07\/Oleodinamica-009-copia.jpg\" class=\"project-zoom dt-pswp-item dt-single-pswp-popup\" title=\"Oleodinamica - 009 copia\" data-dt-img-description=\"\" data-large_image_width=\"1920\" data-large_image_height=\"1080\" aria-label=\"Portfolio zoom icon\">Zoom<\/a><a href=\"https:\/\/www.ottani.it\/de\/portfolio\/stahlhuelse\/\" class=\"project-details\">Details<\/a><\/div>\t\t\t\t<div class=\"rollover-content-container\">\n\t\t\t<h3 class=\"entry-title\"><a href=\"https:\/\/www.ottani.it\/de\/portfolio\/stahlhuelse\/\" title=\"Stahlh\u00fclse\" rel=\"bookmark\">Stahlh\u00fclse<\/a><\/h3>\t\t<\/div>\n\t\t\t\t\t<\/figcaption>\n\t<\/figure>\n<\/article>\n\n<\/div>\n<div class=\"wf-cell\" data-post-id=\"3898\" data-date=\"2017-07-24T15:06:29+02:00\" data-name=\"Gewindestift aus verzinktem Stahl\">\n<article class=\"post post-3898 dt_portfolio type-dt_portfolio status-publish has-post-thumbnail hentry dt_portfolio_category-hydraulik dt_portfolio_category-44 text-centered\">\n\n\t<figure class=\"rollover-project \">\n\t<a href=\"https:\/\/www.ottani.it\/de\/portfolio\/gewindestift-aus-verzinktem-stahl\/\" class=\"layzr-bg\" title=\"Oleodinamica - 008 copia\"  aria-label=\"Post image\"><img decoding=\"async\" class=\"preload-me jgrid-lazy-load aspect\" src=\"data:image\/svg+xml,%3Csvg%20xmlns%3D&#39;http%3A%2F%2Fwww.w3.org%2F2000%2Fsvg&#39;%20viewBox%3D&#39;0%200%20555%20312&#39;%2F%3E\" data-src=\"https:\/\/www.ottani.it\/wp-content\/uploads\/2017\/07\/Oleodinamica-008-copia-555x312.jpg\" data-srcset=\"https:\/\/www.ottani.it\/wp-content\/uploads\/2017\/07\/Oleodinamica-008-copia-555x312.jpg 555w, https:\/\/www.ottani.it\/wp-content\/uploads\/2017\/07\/Oleodinamica-008-copia-1110x624.jpg 1110w\" loading=\"eager\" style=\"--ratio: 555 \/ 312\" sizes=\"(max-width: 555px) 100vw, 555px\" alt=\"\" width=\"555\" height=\"312\"  \/><\/a>\t\t<figcaption class=\"rollover-content\">\n\t\t<div class=\"links-container\"><a href=\"https:\/\/www.ottani.it\/wp-content\/uploads\/2017\/07\/Oleodinamica-008-copia.jpg\" class=\"project-zoom dt-pswp-item dt-single-pswp-popup\" title=\"Oleodinamica - 008 copia\" data-dt-img-description=\"\" data-large_image_width=\"1920\" data-large_image_height=\"1080\" aria-label=\"Portfolio zoom icon\">Zoom<\/a><a href=\"https:\/\/www.ottani.it\/de\/portfolio\/gewindestift-aus-verzinktem-stahl\/\" class=\"project-details\">Details<\/a><\/div>\t\t\t\t<div class=\"rollover-content-container\">\n\t\t\t<h3 class=\"entry-title\"><a href=\"https:\/\/www.ottani.it\/de\/portfolio\/gewindestift-aus-verzinktem-stahl\/\" title=\"Gewindestift aus verzinktem Stahl\" rel=\"bookmark\">Gewindestift aus verzinktem Stahl<\/a><\/h3>\t\t<\/div>\n\t\t\t\t\t<\/figcaption>\n\t<\/figure>\n<\/article>\n\n<\/div>\n<div class=\"wf-cell\" data-post-id=\"3900\" data-date=\"2017-07-24T15:04:12+02:00\" data-name=\"Messingh\u00fclse\">\n<article class=\"post post-3900 dt_portfolio type-dt_portfolio status-publish has-post-thumbnail hentry dt_portfolio_category-hydraulik dt_portfolio_category-44 text-centered\">\n\n\t<figure class=\"rollover-project \">\n\t<a href=\"https:\/\/www.ottani.it\/de\/portfolio\/messinghuelse\/\" class=\"layzr-bg\" title=\"Oleodinamica - 007 copia\"  aria-label=\"Post image\"><img decoding=\"async\" class=\"preload-me jgrid-lazy-load aspect\" src=\"data:image\/svg+xml,%3Csvg%20xmlns%3D&#39;http%3A%2F%2Fwww.w3.org%2F2000%2Fsvg&#39;%20viewBox%3D&#39;0%200%20555%20312&#39;%2F%3E\" data-src=\"https:\/\/www.ottani.it\/wp-content\/uploads\/2017\/07\/Oleodinamica-007-copia-555x312.jpg\" data-srcset=\"https:\/\/www.ottani.it\/wp-content\/uploads\/2017\/07\/Oleodinamica-007-copia-555x312.jpg 555w, https:\/\/www.ottani.it\/wp-content\/uploads\/2017\/07\/Oleodinamica-007-copia-1110x624.jpg 1110w\" loading=\"eager\" style=\"--ratio: 555 \/ 312\" sizes=\"(max-width: 555px) 100vw, 555px\" alt=\"\" width=\"555\" height=\"312\"  \/><\/a>\t\t<figcaption class=\"rollover-content\">\n\t\t<div class=\"links-container\"><a href=\"https:\/\/www.ottani.it\/wp-content\/uploads\/2017\/07\/Oleodinamica-007-copia.jpg\" class=\"project-zoom dt-pswp-item dt-single-pswp-popup\" title=\"Oleodinamica - 007 copia\" data-dt-img-description=\"\" data-large_image_width=\"1920\" data-large_image_height=\"1080\" aria-label=\"Portfolio zoom icon\">Zoom<\/a><a href=\"https:\/\/www.ottani.it\/de\/portfolio\/messinghuelse\/\" class=\"project-details\">Details<\/a><\/div>\t\t\t\t<div class=\"rollover-content-container\">\n\t\t\t<h3 class=\"entry-title\"><a href=\"https:\/\/www.ottani.it\/de\/portfolio\/messinghuelse\/\" title=\"Messingh\u00fclse\" rel=\"bookmark\">Messingh\u00fclse<\/a><\/h3>\t\t<\/div>\n\t\t\t\t\t<\/figcaption>\n\t<\/figure>\n<\/article>\n\n<\/div>\n<div class=\"wf-cell\" data-post-id=\"3902\" data-date=\"2017-07-24T15:03:09+02:00\" data-name=\"Stopfen aus Messing\">\n<article class=\"post post-3902 dt_portfolio type-dt_portfolio status-publish has-post-thumbnail hentry dt_portfolio_category-hydraulik dt_portfolio_category-44 text-centered\">\n\n\t<figure class=\"rollover-project \">\n\t<a href=\"https:\/\/www.ottani.it\/de\/portfolio\/stopfen-aus-messing\/\" class=\"layzr-bg\" title=\"Oleodinamica - 006 copia\"  aria-label=\"Post image\"><img decoding=\"async\" class=\"preload-me jgrid-lazy-load aspect\" src=\"data:image\/svg+xml,%3Csvg%20xmlns%3D&#39;http%3A%2F%2Fwww.w3.org%2F2000%2Fsvg&#39;%20viewBox%3D&#39;0%200%20555%20312&#39;%2F%3E\" data-src=\"https:\/\/www.ottani.it\/wp-content\/uploads\/2017\/07\/Oleodinamica-006-copia-555x312.jpg\" data-srcset=\"https:\/\/www.ottani.it\/wp-content\/uploads\/2017\/07\/Oleodinamica-006-copia-555x312.jpg 555w, https:\/\/www.ottani.it\/wp-content\/uploads\/2017\/07\/Oleodinamica-006-copia-1110x624.jpg 1110w\" loading=\"eager\" style=\"--ratio: 555 \/ 312\" sizes=\"(max-width: 555px) 100vw, 555px\" alt=\"\" width=\"555\" height=\"312\"  \/><\/a>\t\t<figcaption class=\"rollover-content\">\n\t\t<div class=\"links-container\"><a href=\"https:\/\/www.ottani.it\/wp-content\/uploads\/2017\/07\/Oleodinamica-006-copia.jpg\" class=\"project-zoom dt-pswp-item dt-single-pswp-popup\" title=\"Oleodinamica - 006 copia\" data-dt-img-description=\"\" data-large_image_width=\"1920\" data-large_image_height=\"1080\" aria-label=\"Portfolio zoom icon\">Zoom<\/a><a href=\"https:\/\/www.ottani.it\/de\/portfolio\/stopfen-aus-messing\/\" class=\"project-details\">Details<\/a><\/div>\t\t\t\t<div class=\"rollover-content-container\">\n\t\t\t<h3 class=\"entry-title\"><a href=\"https:\/\/www.ottani.it\/de\/portfolio\/stopfen-aus-messing\/\" title=\"Stopfen aus Messing\" rel=\"bookmark\">Stopfen aus Messing<\/a><\/h3>\t\t<\/div>\n\t\t\t\t\t<\/figcaption>\n\t<\/figure>\n<\/article>\n\n<\/div>\n<div class=\"wf-cell\" data-post-id=\"3904\" data-date=\"2017-07-24T15:02:05+02:00\" data-name=\"Stange aus Stahl AISI 303\">\n<article class=\"post post-3904 dt_portfolio type-dt_portfolio status-publish has-post-thumbnail hentry dt_portfolio_category-hydraulik dt_portfolio_category-44 text-centered\">\n\n\t<figure class=\"rollover-project \">\n\t<a href=\"https:\/\/www.ottani.it\/de\/portfolio\/stange-aus-stahl-aisi-303\/\" class=\"layzr-bg\" title=\"Oleodinamica - 005 copia\"  aria-label=\"Post image\"><img decoding=\"async\" class=\"preload-me jgrid-lazy-load aspect\" src=\"data:image\/svg+xml,%3Csvg%20xmlns%3D&#39;http%3A%2F%2Fwww.w3.org%2F2000%2Fsvg&#39;%20viewBox%3D&#39;0%200%20555%20312&#39;%2F%3E\" data-src=\"https:\/\/www.ottani.it\/wp-content\/uploads\/2017\/07\/Oleodinamica-005-copia-555x312.jpg\" data-srcset=\"https:\/\/www.ottani.it\/wp-content\/uploads\/2017\/07\/Oleodinamica-005-copia-555x312.jpg 555w, https:\/\/www.ottani.it\/wp-content\/uploads\/2017\/07\/Oleodinamica-005-copia-1110x624.jpg 1110w\" loading=\"eager\" style=\"--ratio: 555 \/ 312\" sizes=\"(max-width: 555px) 100vw, 555px\" alt=\"\" width=\"555\" height=\"312\"  \/><\/a>\t\t<figcaption class=\"rollover-content\">\n\t\t<div class=\"links-container\"><a href=\"https:\/\/www.ottani.it\/wp-content\/uploads\/2017\/07\/Oleodinamica-005-copia.jpg\" class=\"project-zoom dt-pswp-item dt-single-pswp-popup\" title=\"Oleodinamica - 005 copia\" data-dt-img-description=\"\" data-large_image_width=\"1920\" data-large_image_height=\"1080\" aria-label=\"Portfolio zoom icon\">Zoom<\/a><a href=\"https:\/\/www.ottani.it\/de\/portfolio\/stange-aus-stahl-aisi-303\/\" class=\"project-details\">Details<\/a><\/div>\t\t\t\t<div class=\"rollover-content-container\">\n\t\t\t<h3 class=\"entry-title\"><a href=\"https:\/\/www.ottani.it\/de\/portfolio\/stange-aus-stahl-aisi-303\/\" title=\"Stange aus Stahl AISI 303\" rel=\"bookmark\">Stange aus Stahl AISI 303<\/a><\/h3>\t\t<\/div>\n\t\t\t\t\t<\/figcaption>\n\t<\/figure>\n<\/article>\n\n<\/div>\n<div class=\"wf-cell\" data-post-id=\"3906\" data-date=\"2017-07-24T15:01:31+02:00\" data-name=\"Verschluss aus Stahl 16CrNi4Pb\">\n<article class=\"post post-3906 dt_portfolio type-dt_portfolio status-publish has-post-thumbnail hentry dt_portfolio_category-hydraulik dt_portfolio_category-44 text-centered\">\n\n\t<figure class=\"rollover-project \">\n\t<a href=\"https:\/\/www.ottani.it\/de\/portfolio\/verschluss-aus-stahl-16crni4pb\/\" class=\"layzr-bg\" title=\"Oleodinamica - 004 copia\"  aria-label=\"Post image\"><img decoding=\"async\" class=\"preload-me jgrid-lazy-load aspect\" src=\"data:image\/svg+xml,%3Csvg%20xmlns%3D&#39;http%3A%2F%2Fwww.w3.org%2F2000%2Fsvg&#39;%20viewBox%3D&#39;0%200%20555%20312&#39;%2F%3E\" data-src=\"https:\/\/www.ottani.it\/wp-content\/uploads\/2017\/07\/Oleodinamica-004-copia-555x312.jpg\" data-srcset=\"https:\/\/www.ottani.it\/wp-content\/uploads\/2017\/07\/Oleodinamica-004-copia-555x312.jpg 555w, https:\/\/www.ottani.it\/wp-content\/uploads\/2017\/07\/Oleodinamica-004-copia-1110x624.jpg 1110w\" loading=\"eager\" style=\"--ratio: 555 \/ 312\" sizes=\"(max-width: 555px) 100vw, 555px\" alt=\"\" width=\"555\" height=\"312\"  \/><\/a>\t\t<figcaption class=\"rollover-content\">\n\t\t<div class=\"links-container\"><a href=\"https:\/\/www.ottani.it\/wp-content\/uploads\/2017\/07\/Oleodinamica-004-copia.jpg\" class=\"project-zoom dt-pswp-item dt-single-pswp-popup\" title=\"Oleodinamica - 004 copia\" data-dt-img-description=\"\" data-large_image_width=\"1920\" data-large_image_height=\"1080\" aria-label=\"Portfolio zoom icon\">Zoom<\/a><a href=\"https:\/\/www.ottani.it\/de\/portfolio\/verschluss-aus-stahl-16crni4pb\/\" class=\"project-details\">Details<\/a><\/div>\t\t\t\t<div class=\"rollover-content-container\">\n\t\t\t<h3 class=\"entry-title\"><a href=\"https:\/\/www.ottani.it\/de\/portfolio\/verschluss-aus-stahl-16crni4pb\/\" title=\"Verschluss aus Stahl 16CrNi4Pb\" rel=\"bookmark\">Verschluss aus Stahl 16CrNi4Pb<\/a><\/h3>\t\t<\/div>\n\t\t\t\t\t<\/figcaption>\n\t<\/figure>\n<\/article>\n\n<\/div>\n<div class=\"wf-cell\" data-post-id=\"3908\" data-date=\"2017-07-24T15:00:30+02:00\" data-name=\"Perforierte Messingh\u00fclse\">\n<article class=\"post post-3908 dt_portfolio type-dt_portfolio status-publish has-post-thumbnail hentry dt_portfolio_category-hydraulik dt_portfolio_category-44 text-centered\">\n\n\t<figure class=\"rollover-project \">\n\t<a href=\"https:\/\/www.ottani.it\/de\/portfolio\/perforierte-messinghuelse\/\" class=\"layzr-bg\" title=\"Oleodinamica - 003 copia\"  aria-label=\"Post image\"><img decoding=\"async\" class=\"preload-me jgrid-lazy-load aspect\" src=\"data:image\/svg+xml,%3Csvg%20xmlns%3D&#39;http%3A%2F%2Fwww.w3.org%2F2000%2Fsvg&#39;%20viewBox%3D&#39;0%200%20555%20312&#39;%2F%3E\" data-src=\"https:\/\/www.ottani.it\/wp-content\/uploads\/2017\/07\/Oleodinamica-003-copia-555x312.jpg\" data-srcset=\"https:\/\/www.ottani.it\/wp-content\/uploads\/2017\/07\/Oleodinamica-003-copia-555x312.jpg 555w, https:\/\/www.ottani.it\/wp-content\/uploads\/2017\/07\/Oleodinamica-003-copia-1110x624.jpg 1110w\" loading=\"eager\" style=\"--ratio: 555 \/ 312\" sizes=\"(max-width: 555px) 100vw, 555px\" alt=\"\" width=\"555\" height=\"312\"  \/><\/a>\t\t<figcaption class=\"rollover-content\">\n\t\t<div class=\"links-container\"><a href=\"https:\/\/www.ottani.it\/wp-content\/uploads\/2017\/07\/Oleodinamica-003-copia.jpg\" class=\"project-zoom dt-pswp-item dt-single-pswp-popup\" title=\"Oleodinamica - 003 copia\" data-dt-img-description=\"\" data-large_image_width=\"1920\" data-large_image_height=\"1080\" aria-label=\"Portfolio zoom icon\">Zoom<\/a><a href=\"https:\/\/www.ottani.it\/de\/portfolio\/perforierte-messinghuelse\/\" class=\"project-details\">Details<\/a><\/div>\t\t\t\t<div class=\"rollover-content-container\">\n\t\t\t<h3 class=\"entry-title\"><a href=\"https:\/\/www.ottani.it\/de\/portfolio\/perforierte-messinghuelse\/\" title=\"Perforierte Messingh\u00fclse\" rel=\"bookmark\">Perforierte Messingh\u00fclse<\/a><\/h3>\t\t<\/div>\n\t\t\t\t\t<\/figcaption>\n\t<\/figure>\n<\/article>\n\n<\/div>\n<div class=\"wf-cell\" data-post-id=\"3910\" data-date=\"2017-07-24T14:58:17+02:00\" data-name=\"Stahlh\u00fclse\">\n<article class=\"post post-3910 dt_portfolio type-dt_portfolio status-publish has-post-thumbnail hentry dt_portfolio_category-hydraulik dt_portfolio_category-44 text-centered\">\n\n\t<figure class=\"rollover-project \">\n\t<a href=\"https:\/\/www.ottani.it\/de\/portfolio\/stahlhuelse-2\/\" class=\"layzr-bg\" title=\"Oleodinamica - 002 copia\"  aria-label=\"Post image\"><img decoding=\"async\" class=\"preload-me jgrid-lazy-load aspect\" src=\"data:image\/svg+xml,%3Csvg%20xmlns%3D&#39;http%3A%2F%2Fwww.w3.org%2F2000%2Fsvg&#39;%20viewBox%3D&#39;0%200%20555%20312&#39;%2F%3E\" data-src=\"https:\/\/www.ottani.it\/wp-content\/uploads\/2017\/07\/Oleodinamica-002-copia-555x312.jpg\" data-srcset=\"https:\/\/www.ottani.it\/wp-content\/uploads\/2017\/07\/Oleodinamica-002-copia-555x312.jpg 555w, https:\/\/www.ottani.it\/wp-content\/uploads\/2017\/07\/Oleodinamica-002-copia-1110x624.jpg 1110w\" loading=\"eager\" style=\"--ratio: 555 \/ 312\" sizes=\"(max-width: 555px) 100vw, 555px\" alt=\"\" width=\"555\" height=\"312\"  \/><\/a>\t\t<figcaption class=\"rollover-content\">\n\t\t<div class=\"links-container\"><a href=\"https:\/\/www.ottani.it\/wp-content\/uploads\/2017\/07\/Oleodinamica-002-copia.jpg\" class=\"project-zoom dt-pswp-item dt-single-pswp-popup\" title=\"Oleodinamica - 002 copia\" data-dt-img-description=\"\" data-large_image_width=\"1920\" data-large_image_height=\"1080\" aria-label=\"Portfolio zoom icon\">Zoom<\/a><a href=\"https:\/\/www.ottani.it\/de\/portfolio\/stahlhuelse-2\/\" class=\"project-details\">Details<\/a><\/div>\t\t\t\t<div class=\"rollover-content-container\">\n\t\t\t<h3 class=\"entry-title\"><a href=\"https:\/\/www.ottani.it\/de\/portfolio\/stahlhuelse-2\/\" title=\"Stahlh\u00fclse\" rel=\"bookmark\">Stahlh\u00fclse<\/a><\/h3>\t\t<\/div>\n\t\t\t\t\t<\/figcaption>\n\t<\/figure>\n<\/article>\n\n<\/div>\n<div class=\"wf-cell\" data-post-id=\"3912\" data-date=\"2017-07-24T14:55:47+02:00\" data-name=\"Gleiter aus Bronze\">\n<article class=\"post post-3912 dt_portfolio type-dt_portfolio status-publish has-post-thumbnail hentry dt_portfolio_category-hydraulik dt_portfolio_category-44 text-centered\">\n\n\t<figure class=\"rollover-project \">\n\t<a href=\"https:\/\/www.ottani.it\/de\/portfolio\/gleiter-aus-bronze\/\" class=\"layzr-bg\" title=\"Oleodinamica - 001 copia\"  aria-label=\"Post image\"><img decoding=\"async\" class=\"preload-me jgrid-lazy-load aspect\" src=\"data:image\/svg+xml,%3Csvg%20xmlns%3D&#39;http%3A%2F%2Fwww.w3.org%2F2000%2Fsvg&#39;%20viewBox%3D&#39;0%200%20555%20312&#39;%2F%3E\" data-src=\"https:\/\/www.ottani.it\/wp-content\/uploads\/2017\/07\/Oleodinamica-001-copia-555x312.jpg\" data-srcset=\"https:\/\/www.ottani.it\/wp-content\/uploads\/2017\/07\/Oleodinamica-001-copia-555x312.jpg 555w, https:\/\/www.ottani.it\/wp-content\/uploads\/2017\/07\/Oleodinamica-001-copia-1110x624.jpg 1110w\" loading=\"eager\" style=\"--ratio: 555 \/ 312\" sizes=\"(max-width: 555px) 100vw, 555px\" alt=\"\" width=\"555\" height=\"312\"  \/><\/a>\t\t<figcaption class=\"rollover-content\">\n\t\t<div class=\"links-container\"><a href=\"https:\/\/www.ottani.it\/wp-content\/uploads\/2017\/07\/Oleodinamica-001-copia.jpg\" class=\"project-zoom dt-pswp-item dt-single-pswp-popup\" title=\"Oleodinamica - 001 copia\" data-dt-img-description=\"\" data-large_image_width=\"1920\" data-large_image_height=\"1080\" aria-label=\"Portfolio zoom icon\">Zoom<\/a><a href=\"https:\/\/www.ottani.it\/de\/portfolio\/gleiter-aus-bronze\/\" class=\"project-details\">Details<\/a><\/div>\t\t\t\t<div class=\"rollover-content-container\">\n\t\t\t<h3 class=\"entry-title\"><a href=\"https:\/\/www.ottani.it\/de\/portfolio\/gleiter-aus-bronze\/\" title=\"Gleiter aus Bronze\" rel=\"bookmark\">Gleiter aus Bronze<\/a><\/h3>\t\t<\/div>\n\t\t\t\t\t<\/figcaption>\n\t<\/figure>\n<\/article>\n\n<\/div><\/div><\/div>[\/vc_column][\/vc_row]<\/p>\n<\/div>","protected":false},"excerpt":{"rendered":"<p>[vc_row][vc_column][vc_column_text css=&#8220;&#8220;] Wir fertigen Hydrauliksystem-Komponenten f\u00fcr Hersteller mobiler Maschinen. Ottani Meccanica erzeugt Teile f\u00fcr Hydraulikzylinder, die in der Bagger-Produktion eingesetzt werden. Materialien erster G\u00fcte und modernste Bearbeitungstechnologien gew\u00e4hrleisten ein Endprodukt h\u00f6chster Qualit\u00e4t. [\/vc_column_text][\/vc_column][\/vc_row][vc_row][vc_column][\/vc_column][\/vc_row]<\/p>\n","protected":false},"author":4,"featured_media":0,"parent":3943,"menu_order":0,"comment_status":"closed","ping_status":"closed","template":"","meta":{"footnotes":""},"class_list":["post-3932","page","type-page","status-publish","hentry","description-off"],"_links":{"self":[{"href":"https:\/\/www.ottani.it\/de\/wp-json\/wp\/v2\/pages\/3932","targetHints":{"allow":["GET"]}}],"collection":[{"href":"https:\/\/www.ottani.it\/de\/wp-json\/wp\/v2\/pages"}],"about":[{"href":"https:\/\/www.ottani.it\/de\/wp-json\/wp\/v2\/types\/page"}],"author":[{"embeddable":true,"href":"https:\/\/www.ottani.it\/de\/wp-json\/wp\/v2\/users\/4"}],"replies":[{"embeddable":true,"href":"https:\/\/www.ottani.it\/de\/wp-json\/wp\/v2\/comments?post=3932"}],"version-history":[{"count":2,"href":"https:\/\/www.ottani.it\/de\/wp-json\/wp\/v2\/pages\/3932\/revisions"}],"predecessor-version":[{"id":3935,"href":"https:\/\/www.ottani.it\/de\/wp-json\/wp\/v2\/pages\/3932\/revisions\/3935"}],"up":[{"embeddable":true,"href":"https:\/\/www.ottani.it\/de\/wp-json\/wp\/v2\/pages\/3943"}],"wp:attachment":[{"href":"https:\/\/www.ottani.it\/de\/wp-json\/wp\/v2\/media?parent=3932"}],"curies":[{"name":"wp","href":"https:\/\/api.w.org\/{rel}","templated":true}]}}