{"id":3936,"date":"2017-07-24T15:42:28","date_gmt":"2017-07-24T13:42:28","guid":{"rendered":"https:\/\/www.ottani.it\/valvole-gestione-gas\/"},"modified":"2025-11-05T19:51:02","modified_gmt":"2025-11-05T18:51:02","slug":"gasventile","status":"publish","type":"page","link":"https:\/\/www.ottani.it\/de\/produkte\/gasventile\/","title":{"rendered":"GASVENTILE"},"content":{"rendered":"<div class=\"wpb-content-wrapper\"><p>[vc_row][vc_column][vc_column_text css=&#8220;&#8220;]<\/p>\n<p style=\"text-align: center;\">Unsere Komponenten werden sicher in Gasregelventilen f\u00fcr Heizkessel, \u00d6fen und \u00e4hnliche Produkte eingesetzt.<\/p>\n<p style=\"text-align: center;\">Sorgf\u00e4ltig ausgew\u00e4hlte Materialien und eine akribische Verarbeitung stellen sicher, dass h\u00f6chste Qualit\u00e4ts- und Sicherheitsstandards erf\u00fcllt werden.<\/p>\n<p>[\/vc_column_text][\/vc_column][\/vc_row][vc_row][vc_column]<div class=\"dt-shortcode with-isotope\"><div class=\"wf-container dt-portfolio-shortcode jgrid-shortcode loading-effect-none iso-grid jg-container description-on-hover hover-style-two hover-fade content-align-centre\" data-padding=\"20px\" data-cur-page=\"1\" data-posts-per-page=\"-1\" data-target-height=\"240px\">\n<div class=\"wf-cell\" data-post-id=\"3914\" data-date=\"2017-07-24T15:16:06+02:00\" data-name=\"Stopfen aus Messing\">\n<article class=\"post post-3914 dt_portfolio type-dt_portfolio status-publish has-post-thumbnail hentry dt_portfolio_category-gasventile dt_portfolio_category-45 text-centered\">\n\n\t<figure class=\"rollover-project \">\n\t<a href=\"https:\/\/www.ottani.it\/de\/portfolio\/stopfen-aus-messing-2\/\" class=\"layzr-bg\" title=\"Valvole Controllo Gas - 008 copia\"  aria-label=\"Post image\"><img fetchpriority=\"high\" decoding=\"async\" class=\"preload-me jgrid-lazy-load aspect\" src=\"data:image\/svg+xml,%3Csvg%20xmlns%3D&#39;http%3A%2F%2Fwww.w3.org%2F2000%2Fsvg&#39;%20viewBox%3D&#39;0%200%20555%20312&#39;%2F%3E\" data-src=\"https:\/\/www.ottani.it\/wp-content\/uploads\/2017\/07\/Valvole-Controllo-Gas-008-copia-555x312.jpg\" data-srcset=\"https:\/\/www.ottani.it\/wp-content\/uploads\/2017\/07\/Valvole-Controllo-Gas-008-copia-555x312.jpg 555w, https:\/\/www.ottani.it\/wp-content\/uploads\/2017\/07\/Valvole-Controllo-Gas-008-copia-1110x624.jpg 1110w\" loading=\"eager\" style=\"--ratio: 555 \/ 312\" sizes=\"(max-width: 555px) 100vw, 555px\" alt=\"\" width=\"555\" height=\"312\"  \/><\/a>\t\t<figcaption class=\"rollover-content\">\n\t\t<div class=\"links-container\"><a href=\"https:\/\/www.ottani.it\/wp-content\/uploads\/2017\/07\/Valvole-Controllo-Gas-008-copia.jpg\" class=\"project-zoom dt-pswp-item dt-single-pswp-popup\" title=\"Valvole Controllo Gas - 008 copia\" data-dt-img-description=\"\" data-large_image_width=\"1920\" data-large_image_height=\"1080\" aria-label=\"Portfolio zoom icon\">Zoom<\/a><a href=\"https:\/\/www.ottani.it\/de\/portfolio\/stopfen-aus-messing-2\/\" class=\"project-details\">Details<\/a><\/div>\t\t\t\t<div class=\"rollover-content-container\">\n\t\t\t<h3 class=\"entry-title\"><a href=\"https:\/\/www.ottani.it\/de\/portfolio\/stopfen-aus-messing-2\/\" title=\"Stopfen aus Messing\" rel=\"bookmark\">Stopfen aus Messing<\/a><\/h3>\t\t<\/div>\n\t\t\t\t\t<\/figcaption>\n\t<\/figure>\n<\/article>\n\n<\/div>\n<div class=\"wf-cell\" data-post-id=\"3916\" data-date=\"2017-07-24T15:14:19+02:00\" data-name=\"Schraube aus Messing\">\n<article class=\"post post-3916 dt_portfolio type-dt_portfolio status-publish has-post-thumbnail hentry dt_portfolio_category-gasventile dt_portfolio_category-45 text-centered\">\n\n\t<figure class=\"rollover-project \">\n\t<a href=\"https:\/\/www.ottani.it\/de\/portfolio\/schraube-aus-messing\/\" class=\"layzr-bg\" title=\"Valvole Controllo Gas - 007 copia\"  aria-label=\"Post image\"><img decoding=\"async\" class=\"preload-me jgrid-lazy-load aspect\" src=\"data:image\/svg+xml,%3Csvg%20xmlns%3D&#39;http%3A%2F%2Fwww.w3.org%2F2000%2Fsvg&#39;%20viewBox%3D&#39;0%200%20555%20312&#39;%2F%3E\" data-src=\"https:\/\/www.ottani.it\/wp-content\/uploads\/2017\/07\/Valvole-Controllo-Gas-007-copia-555x312.jpg\" data-srcset=\"https:\/\/www.ottani.it\/wp-content\/uploads\/2017\/07\/Valvole-Controllo-Gas-007-copia-555x312.jpg 555w, https:\/\/www.ottani.it\/wp-content\/uploads\/2017\/07\/Valvole-Controllo-Gas-007-copia-1110x624.jpg 1110w\" loading=\"eager\" style=\"--ratio: 555 \/ 312\" sizes=\"(max-width: 555px) 100vw, 555px\" alt=\"\" width=\"555\" height=\"312\"  \/><\/a>\t\t<figcaption class=\"rollover-content\">\n\t\t<div class=\"links-container\"><a href=\"https:\/\/www.ottani.it\/wp-content\/uploads\/2017\/07\/Valvole-Controllo-Gas-007-copia.jpg\" class=\"project-zoom dt-pswp-item dt-single-pswp-popup\" title=\"Valvole Controllo Gas - 007 copia\" data-dt-img-description=\"\" data-large_image_width=\"1920\" data-large_image_height=\"1080\" aria-label=\"Portfolio zoom icon\">Zoom<\/a><a href=\"https:\/\/www.ottani.it\/de\/portfolio\/schraube-aus-messing\/\" class=\"project-details\">Details<\/a><\/div>\t\t\t\t<div class=\"rollover-content-container\">\n\t\t\t<h3 class=\"entry-title\"><a href=\"https:\/\/www.ottani.it\/de\/portfolio\/schraube-aus-messing\/\" title=\"Schraube aus Messing\" rel=\"bookmark\">Schraube aus Messing<\/a><\/h3>\t\t<\/div>\n\t\t\t\t\t<\/figcaption>\n\t<\/figure>\n<\/article>\n\n<\/div>\n<div class=\"wf-cell\" data-post-id=\"3918\" data-date=\"2017-07-24T15:13:44+02:00\" data-name=\"Kugelbolzen aus AISI 303\">\n<article class=\"post post-3918 dt_portfolio type-dt_portfolio status-publish has-post-thumbnail hentry dt_portfolio_category-gasventile dt_portfolio_category-45 text-centered\">\n\n\t<figure class=\"rollover-project \">\n\t<a href=\"https:\/\/www.ottani.it\/de\/portfolio\/kugelbolzen-aus-aisi-303\/\" class=\"layzr-bg\" title=\"Valvole Controllo Gas - 006 copia\"  aria-label=\"Post image\"><img decoding=\"async\" class=\"preload-me jgrid-lazy-load aspect\" src=\"data:image\/svg+xml,%3Csvg%20xmlns%3D&#39;http%3A%2F%2Fwww.w3.org%2F2000%2Fsvg&#39;%20viewBox%3D&#39;0%200%20555%20312&#39;%2F%3E\" data-src=\"https:\/\/www.ottani.it\/wp-content\/uploads\/2017\/07\/Valvole-Controllo-Gas-006-copia-555x312.jpg\" data-srcset=\"https:\/\/www.ottani.it\/wp-content\/uploads\/2017\/07\/Valvole-Controllo-Gas-006-copia-555x312.jpg 555w, https:\/\/www.ottani.it\/wp-content\/uploads\/2017\/07\/Valvole-Controllo-Gas-006-copia-1110x624.jpg 1110w\" loading=\"eager\" style=\"--ratio: 555 \/ 312\" sizes=\"(max-width: 555px) 100vw, 555px\" alt=\"\" width=\"555\" height=\"312\"  \/><\/a>\t\t<figcaption class=\"rollover-content\">\n\t\t<div class=\"links-container\"><a href=\"https:\/\/www.ottani.it\/wp-content\/uploads\/2017\/07\/Valvole-Controllo-Gas-006-copia.jpg\" class=\"project-zoom dt-pswp-item dt-single-pswp-popup\" title=\"Valvole Controllo Gas - 006 copia\" data-dt-img-description=\"\" data-large_image_width=\"1920\" data-large_image_height=\"1080\" aria-label=\"Portfolio zoom icon\">Zoom<\/a><a href=\"https:\/\/www.ottani.it\/de\/portfolio\/kugelbolzen-aus-aisi-303\/\" class=\"project-details\">Details<\/a><\/div>\t\t\t\t<div class=\"rollover-content-container\">\n\t\t\t<h3 class=\"entry-title\"><a href=\"https:\/\/www.ottani.it\/de\/portfolio\/kugelbolzen-aus-aisi-303\/\" title=\"Kugelbolzen aus AISI 303\" rel=\"bookmark\">Kugelbolzen aus AISI 303<\/a><\/h3>\t\t<\/div>\n\t\t\t\t\t<\/figcaption>\n\t<\/figure>\n<\/article>\n\n<\/div>\n<div class=\"wf-cell\" data-post-id=\"3920\" data-date=\"2017-07-24T15:13:05+02:00\" data-name=\"Aluminium-Stopfen\">\n<article class=\"post post-3920 dt_portfolio type-dt_portfolio status-publish has-post-thumbnail hentry dt_portfolio_category-gasventile dt_portfolio_category-45 text-centered\">\n\n\t<figure class=\"rollover-project \">\n\t<a href=\"https:\/\/www.ottani.it\/de\/portfolio\/aluminium-stopfen\/\" class=\"layzr-bg\" title=\"Valvole Controllo Gas - 005 copia\"  aria-label=\"Post image\"><img decoding=\"async\" class=\"preload-me jgrid-lazy-load aspect\" src=\"data:image\/svg+xml,%3Csvg%20xmlns%3D&#39;http%3A%2F%2Fwww.w3.org%2F2000%2Fsvg&#39;%20viewBox%3D&#39;0%200%20555%20312&#39;%2F%3E\" data-src=\"https:\/\/www.ottani.it\/wp-content\/uploads\/2017\/07\/Valvole-Controllo-Gas-005-copia-555x312.jpg\" data-srcset=\"https:\/\/www.ottani.it\/wp-content\/uploads\/2017\/07\/Valvole-Controllo-Gas-005-copia-555x312.jpg 555w, https:\/\/www.ottani.it\/wp-content\/uploads\/2017\/07\/Valvole-Controllo-Gas-005-copia-1110x624.jpg 1110w\" loading=\"eager\" style=\"--ratio: 555 \/ 312\" sizes=\"(max-width: 555px) 100vw, 555px\" alt=\"\" width=\"555\" height=\"312\"  \/><\/a>\t\t<figcaption class=\"rollover-content\">\n\t\t<div class=\"links-container\"><a href=\"https:\/\/www.ottani.it\/wp-content\/uploads\/2017\/07\/Valvole-Controllo-Gas-005-copia.jpg\" class=\"project-zoom dt-pswp-item dt-single-pswp-popup\" title=\"Valvole Controllo Gas - 005 copia\" data-dt-img-description=\"\" data-large_image_width=\"1920\" data-large_image_height=\"1080\" aria-label=\"Portfolio zoom icon\">Zoom<\/a><a href=\"https:\/\/www.ottani.it\/de\/portfolio\/aluminium-stopfen\/\" class=\"project-details\">Details<\/a><\/div>\t\t\t\t<div class=\"rollover-content-container\">\n\t\t\t<h3 class=\"entry-title\"><a href=\"https:\/\/www.ottani.it\/de\/portfolio\/aluminium-stopfen\/\" title=\"Aluminium-Stopfen\" rel=\"bookmark\">Aluminium-Stopfen<\/a><\/h3>\t\t<\/div>\n\t\t\t\t\t<\/figcaption>\n\t<\/figure>\n<\/article>\n\n<\/div>\n<div class=\"wf-cell\" data-post-id=\"3922\" data-date=\"2017-07-24T15:12:24+02:00\" data-name=\"Verbinder aus Messing\">\n<article class=\"post post-3922 dt_portfolio type-dt_portfolio status-publish has-post-thumbnail hentry dt_portfolio_category-gasventile dt_portfolio_category-45 text-centered\">\n\n\t<figure class=\"rollover-project \">\n\t<a href=\"https:\/\/www.ottani.it\/de\/portfolio\/verbinder-aus-messing\/\" class=\"layzr-bg\" title=\"Valvole Controllo Gas - 004 copia\"  aria-label=\"Post image\"><img decoding=\"async\" class=\"preload-me jgrid-lazy-load aspect\" src=\"data:image\/svg+xml,%3Csvg%20xmlns%3D&#39;http%3A%2F%2Fwww.w3.org%2F2000%2Fsvg&#39;%20viewBox%3D&#39;0%200%20555%20312&#39;%2F%3E\" data-src=\"https:\/\/www.ottani.it\/wp-content\/uploads\/2017\/07\/Valvole-Controllo-Gas-004-copia-555x312.jpg\" data-srcset=\"https:\/\/www.ottani.it\/wp-content\/uploads\/2017\/07\/Valvole-Controllo-Gas-004-copia-555x312.jpg 555w, https:\/\/www.ottani.it\/wp-content\/uploads\/2017\/07\/Valvole-Controllo-Gas-004-copia-1110x624.jpg 1110w\" loading=\"eager\" style=\"--ratio: 555 \/ 312\" sizes=\"(max-width: 555px) 100vw, 555px\" alt=\"\" width=\"555\" height=\"312\"  \/><\/a>\t\t<figcaption class=\"rollover-content\">\n\t\t<div class=\"links-container\"><a href=\"https:\/\/www.ottani.it\/wp-content\/uploads\/2017\/07\/Valvole-Controllo-Gas-004-copia.jpg\" class=\"project-zoom dt-pswp-item dt-single-pswp-popup\" title=\"Valvole Controllo Gas - 004 copia\" data-dt-img-description=\"\" data-large_image_width=\"1920\" data-large_image_height=\"1080\" aria-label=\"Portfolio zoom icon\">Zoom<\/a><a href=\"https:\/\/www.ottani.it\/de\/portfolio\/verbinder-aus-messing\/\" class=\"project-details\">Details<\/a><\/div>\t\t\t\t<div class=\"rollover-content-container\">\n\t\t\t<h3 class=\"entry-title\"><a href=\"https:\/\/www.ottani.it\/de\/portfolio\/verbinder-aus-messing\/\" title=\"Verbinder aus Messing\" rel=\"bookmark\">Verbinder aus Messing<\/a><\/h3>\t\t<\/div>\n\t\t\t\t\t<\/figcaption>\n\t<\/figure>\n<\/article>\n\n<\/div>\n<div class=\"wf-cell\" data-post-id=\"3924\" data-date=\"2017-07-24T15:11:42+02:00\" data-name=\"Verbinder aus Messing\">\n<article class=\"post post-3924 dt_portfolio type-dt_portfolio status-publish has-post-thumbnail hentry dt_portfolio_category-gasventile dt_portfolio_category-45 text-centered\">\n\n\t<figure class=\"rollover-project \">\n\t<a href=\"https:\/\/www.ottani.it\/de\/portfolio\/verbinder-aus-messing-2\/\" class=\"layzr-bg\" title=\"Valvole Controllo Gas - 003 copia\"  aria-label=\"Post image\"><img decoding=\"async\" class=\"preload-me jgrid-lazy-load aspect\" src=\"data:image\/svg+xml,%3Csvg%20xmlns%3D&#39;http%3A%2F%2Fwww.w3.org%2F2000%2Fsvg&#39;%20viewBox%3D&#39;0%200%20555%20312&#39;%2F%3E\" data-src=\"https:\/\/www.ottani.it\/wp-content\/uploads\/2017\/07\/Valvole-Controllo-Gas-003-copia-555x312.jpg\" data-srcset=\"https:\/\/www.ottani.it\/wp-content\/uploads\/2017\/07\/Valvole-Controllo-Gas-003-copia-555x312.jpg 555w, https:\/\/www.ottani.it\/wp-content\/uploads\/2017\/07\/Valvole-Controllo-Gas-003-copia-1110x624.jpg 1110w\" loading=\"eager\" style=\"--ratio: 555 \/ 312\" sizes=\"(max-width: 555px) 100vw, 555px\" alt=\"\" width=\"555\" height=\"312\"  \/><\/a>\t\t<figcaption class=\"rollover-content\">\n\t\t<div class=\"links-container\"><a href=\"https:\/\/www.ottani.it\/wp-content\/uploads\/2017\/07\/Valvole-Controllo-Gas-003-copia.jpg\" class=\"project-zoom dt-pswp-item dt-single-pswp-popup\" title=\"Valvole Controllo Gas - 003 copia\" data-dt-img-description=\"\" data-large_image_width=\"1920\" data-large_image_height=\"1080\" aria-label=\"Portfolio zoom icon\">Zoom<\/a><a href=\"https:\/\/www.ottani.it\/de\/portfolio\/verbinder-aus-messing-2\/\" class=\"project-details\">Details<\/a><\/div>\t\t\t\t<div class=\"rollover-content-container\">\n\t\t\t<h3 class=\"entry-title\"><a href=\"https:\/\/www.ottani.it\/de\/portfolio\/verbinder-aus-messing-2\/\" title=\"Verbinder aus Messing\" rel=\"bookmark\">Verbinder aus Messing<\/a><\/h3>\t\t<\/div>\n\t\t\t\t\t<\/figcaption>\n\t<\/figure>\n<\/article>\n\n<\/div>\n<div class=\"wf-cell\" data-post-id=\"3926\" data-date=\"2017-07-24T15:09:32+02:00\" data-name=\"Doppelkonus-Verbinder aus Messing\">\n<article class=\"post post-3926 dt_portfolio type-dt_portfolio status-publish has-post-thumbnail hentry dt_portfolio_category-gasventile dt_portfolio_category-45 text-centered\">\n\n\t<figure class=\"rollover-project \">\n\t<a href=\"https:\/\/www.ottani.it\/de\/portfolio\/doppelkonus-verbinder-aus-messing\/\" class=\"layzr-bg\" title=\"Valvole Controllo Gas - 002 copia\"  aria-label=\"Post image\"><img decoding=\"async\" class=\"preload-me jgrid-lazy-load aspect\" src=\"data:image\/svg+xml,%3Csvg%20xmlns%3D&#39;http%3A%2F%2Fwww.w3.org%2F2000%2Fsvg&#39;%20viewBox%3D&#39;0%200%20555%20312&#39;%2F%3E\" data-src=\"https:\/\/www.ottani.it\/wp-content\/uploads\/2017\/07\/Valvole-Controllo-Gas-002-copia-555x312.jpg\" data-srcset=\"https:\/\/www.ottani.it\/wp-content\/uploads\/2017\/07\/Valvole-Controllo-Gas-002-copia-555x312.jpg 555w, https:\/\/www.ottani.it\/wp-content\/uploads\/2017\/07\/Valvole-Controllo-Gas-002-copia-1110x624.jpg 1110w\" loading=\"eager\" style=\"--ratio: 555 \/ 312\" sizes=\"(max-width: 555px) 100vw, 555px\" alt=\"\" width=\"555\" height=\"312\"  \/><\/a>\t\t<figcaption class=\"rollover-content\">\n\t\t<div class=\"links-container\"><a href=\"https:\/\/www.ottani.it\/wp-content\/uploads\/2017\/07\/Valvole-Controllo-Gas-002-copia.jpg\" class=\"project-zoom dt-pswp-item dt-single-pswp-popup\" title=\"Valvole Controllo Gas - 002 copia\" data-dt-img-description=\"\" data-large_image_width=\"1920\" data-large_image_height=\"1080\" aria-label=\"Portfolio zoom icon\">Zoom<\/a><a href=\"https:\/\/www.ottani.it\/de\/portfolio\/doppelkonus-verbinder-aus-messing\/\" class=\"project-details\">Details<\/a><\/div>\t\t\t\t<div class=\"rollover-content-container\">\n\t\t\t<h3 class=\"entry-title\"><a href=\"https:\/\/www.ottani.it\/de\/portfolio\/doppelkonus-verbinder-aus-messing\/\" title=\"Doppelkonus-Verbinder aus Messing\" rel=\"bookmark\">Doppelkonus-Verbinder aus Messing<\/a><\/h3>\t\t<\/div>\n\t\t\t\t\t<\/figcaption>\n\t<\/figure>\n<\/article>\n\n<\/div>\n<div class=\"wf-cell\" data-post-id=\"3928\" data-date=\"2017-07-24T15:08:49+02:00\" data-name=\"Brenner aus verzinktem Stahl\">\n<article class=\"post post-3928 dt_portfolio type-dt_portfolio status-publish has-post-thumbnail hentry dt_portfolio_category-gasventile dt_portfolio_category-45 text-centered\">\n\n\t<figure class=\"rollover-project \">\n\t<a href=\"https:\/\/www.ottani.it\/de\/portfolio\/brenner-aus-verzinktem-stahl\/\" class=\"layzr-bg\" title=\"Valvole Controllo Gas - 001 copia\"  aria-label=\"Post image\"><img decoding=\"async\" class=\"preload-me jgrid-lazy-load aspect\" src=\"data:image\/svg+xml,%3Csvg%20xmlns%3D&#39;http%3A%2F%2Fwww.w3.org%2F2000%2Fsvg&#39;%20viewBox%3D&#39;0%200%20555%20312&#39;%2F%3E\" data-src=\"https:\/\/www.ottani.it\/wp-content\/uploads\/2017\/07\/Valvole-Controllo-Gas-001-copia-555x312.jpg\" data-srcset=\"https:\/\/www.ottani.it\/wp-content\/uploads\/2017\/07\/Valvole-Controllo-Gas-001-copia-555x312.jpg 555w, https:\/\/www.ottani.it\/wp-content\/uploads\/2017\/07\/Valvole-Controllo-Gas-001-copia-1110x624.jpg 1110w\" loading=\"eager\" style=\"--ratio: 555 \/ 312\" sizes=\"(max-width: 555px) 100vw, 555px\" alt=\"\" width=\"555\" height=\"312\"  \/><\/a>\t\t<figcaption class=\"rollover-content\">\n\t\t<div class=\"links-container\"><a href=\"https:\/\/www.ottani.it\/wp-content\/uploads\/2017\/07\/Valvole-Controllo-Gas-001-copia.jpg\" class=\"project-zoom dt-pswp-item dt-single-pswp-popup\" title=\"Valvole Controllo Gas - 001 copia\" data-dt-img-description=\"\" data-large_image_width=\"1920\" data-large_image_height=\"1080\" aria-label=\"Portfolio zoom icon\">Zoom<\/a><a href=\"https:\/\/www.ottani.it\/de\/portfolio\/brenner-aus-verzinktem-stahl\/\" class=\"project-details\">Details<\/a><\/div>\t\t\t\t<div class=\"rollover-content-container\">\n\t\t\t<h3 class=\"entry-title\"><a href=\"https:\/\/www.ottani.it\/de\/portfolio\/brenner-aus-verzinktem-stahl\/\" title=\"Brenner aus verzinktem Stahl\" rel=\"bookmark\">Brenner aus verzinktem Stahl<\/a><\/h3>\t\t<\/div>\n\t\t\t\t\t<\/figcaption>\n\t<\/figure>\n<\/article>\n\n<\/div><\/div><\/div>[\/vc_column][\/vc_row]<\/p>\n<\/div>","protected":false},"excerpt":{"rendered":"<p>[vc_row][vc_column][vc_column_text css=&#8220;&#8220;] Unsere Komponenten werden sicher in Gasregelventilen f\u00fcr Heizkessel, \u00d6fen und \u00e4hnliche Produkte eingesetzt. Sorgf\u00e4ltig ausgew\u00e4hlte Materialien und eine akribische Verarbeitung stellen sicher, dass h\u00f6chste Qualit\u00e4ts- und Sicherheitsstandards erf\u00fcllt werden. [\/vc_column_text][\/vc_column][\/vc_row][vc_row][vc_column][\/vc_column][\/vc_row]<\/p>\n","protected":false},"author":4,"featured_media":0,"parent":3943,"menu_order":0,"comment_status":"closed","ping_status":"closed","template":"","meta":{"footnotes":""},"class_list":["post-3936","page","type-page","status-publish","hentry","description-off"],"_links":{"self":[{"href":"https:\/\/www.ottani.it\/de\/wp-json\/wp\/v2\/pages\/3936","targetHints":{"allow":["GET"]}}],"collection":[{"href":"https:\/\/www.ottani.it\/de\/wp-json\/wp\/v2\/pages"}],"about":[{"href":"https:\/\/www.ottani.it\/de\/wp-json\/wp\/v2\/types\/page"}],"author":[{"embeddable":true,"href":"https:\/\/www.ottani.it\/de\/wp-json\/wp\/v2\/users\/4"}],"replies":[{"embeddable":true,"href":"https:\/\/www.ottani.it\/de\/wp-json\/wp\/v2\/comments?post=3936"}],"version-history":[{"count":2,"href":"https:\/\/www.ottani.it\/de\/wp-json\/wp\/v2\/pages\/3936\/revisions"}],"predecessor-version":[{"id":3939,"href":"https:\/\/www.ottani.it\/de\/wp-json\/wp\/v2\/pages\/3936\/revisions\/3939"}],"up":[{"embeddable":true,"href":"https:\/\/www.ottani.it\/de\/wp-json\/wp\/v2\/pages\/3943"}],"wp:attachment":[{"href":"https:\/\/www.ottani.it\/de\/wp-json\/wp\/v2\/media?parent=3936"}],"curies":[{"name":"wp","href":"https:\/\/api.w.org\/{rel}","templated":true}]}}