{"id":566,"date":"2017-06-01T16:05:32","date_gmt":"2017-06-01T14:05:32","guid":{"rendered":"http:\/\/works.kaitiexpansion.it\/www.ottani.it\/copyright\/"},"modified":"2017-06-01T16:05:32","modified_gmt":"2017-06-01T14:05:32","slug":"copyright","status":"publish","type":"page","link":"https:\/\/www.ottani.it\/en\/copyright\/","title":{"rendered":"Copyright"},"content":{"rendered":"<p><strong>L&#8217;uso del sito implica l&#8217;accettazione delle condizioni riportate di seguito.<\/strong><\/p>\n<p>I materiali disponibili in questo sito, inclusi i documenti raggiungibili direttamente o indirettamente tramite link, vengono forniti senza alcuna garanzia, espressa o implicita da vizi e\/o difetti che ne possano impedire o limitare l&#8217;utilizzo, includendo, senza alcuna limitazione, le implicite garanzie di commerciabilit\u00e0, idoneit\u00e0 ad un uso specifico o di non violazione dei diritti di propriet\u00e0 intellettuale e\/o industriale.<\/p>\n<p>Non \u00e8 garantito pertanto che i documenti siano privi di errori, virus, diffamazioni, offese o altri contenuti pregiudizievoli, rimanendo a carico dell&#8217;utente ogni spesa per ogni intervento di riparazione o correzione.<\/p>\n<p>Questo sito pu\u00f2, inoltre, contenere pubblicazioni con inesattezze tecniche o errori tipografici che verranno corretti ad esclusiva discrezione di Ottani Meccanica. Inoltre, periodicamente, vengono apportati dei cambiamenti alle informazioni contenute nelle versioni stampate di queste pubblicazioni. Le correzioni e i cambiamenti sui documenti on line possono essere inseriti anteriormente o posteriormente rispetto a quelli delle versioni stampate.<\/p>\n<p>Pertanto l&#8217;utente acconsente a tutelare e considerare Ottani Meccanica indenne da ogni possibile responsabilit\u00e0, pretesa, danno o spesa (incluse le spese legali) comunque connesse o derivanti dall&#8217;uso di questo sito.<\/p>\n<p>In nessun caso Ottani Meccanica \u00e8 responsabile per i danni, inclusi senza alcuna limitazione, i danni diretti, indiretti, accidentali, speciali o conseguenti (inclusi, senza alcuna limitazione, quelli derivanti da perdita di profitto, mancato fatturato o altre equivalenti perdite economiche) sia contrattuali che extracontrattuali, o comunque derivanti dall&#8217;uso o dall&#8217;impossibilit\u00e0 di usare i contenuti di questo sito o i documenti raggiungibili via link, anche qualora Ottani Meccanica sia o debba essere a conoscenza della possibilit\u00e0 del verificarsi di tali circostanze.<\/p>\n<p>L&#8217;utente accetta di utilizzare questo sito solo per scopi legittimi. Non \u00e8 consentito modificare, copiare, utilizzare, distribuire o sfruttare in nessun modo i contenuti coperti da diritti di propriet\u00e0 intellettuale e\/o industriale di questo sito, inclusi i contenuti di copyright Ottani Meccanica, salvo nel caso in cui ci\u00f2 venga espressamente consentito dal titolare dei rispettivi diritti.<\/p>\n<p>L&#8217;utilizzo di qualunque software scaricabile dal sito deve sottostare ai termini della relativa licenza associata o acclusa al software. Tutti i marchi registrati, i marchi di servizi e i nomi registrati in questo sito sono marchi dei rispettivi proprietari e ne \u00e8 quindi severamente vietato qualunque uso non autorizzato.<\/p>\n","protected":false},"excerpt":{"rendered":"<p>L&#8217;uso del sito implica l&#8217;accettazione delle condizioni riportate di seguito. I materiali disponibili in questo sito, inclusi i documenti raggiungibili direttamente o indirettamente tramite link, vengono forniti senza alcuna garanzia, espressa o implicita da vizi e\/o difetti che ne possano impedire o limitare l&#8217;utilizzo, includendo, senza alcuna limitazione, le implicite garanzie di commerciabilit\u00e0, idoneit\u00e0 ad&hellip;<\/p>\n","protected":false},"author":4,"featured_media":0,"parent":0,"menu_order":0,"comment_status":"closed","ping_status":"closed","template":"","meta":{"footnotes":""},"class_list":["post-566","page","type-page","status-publish","hentry","description-off"],"_links":{"self":[{"href":"https:\/\/www.ottani.it\/en\/wp-json\/wp\/v2\/pages\/566","targetHints":{"allow":["GET"]}}],"collection":[{"href":"https:\/\/www.ottani.it\/en\/wp-json\/wp\/v2\/pages"}],"about":[{"href":"https:\/\/www.ottani.it\/en\/wp-json\/wp\/v2\/types\/page"}],"author":[{"embeddable":true,"href":"https:\/\/www.ottani.it\/en\/wp-json\/wp\/v2\/users\/4"}],"replies":[{"embeddable":true,"href":"https:\/\/www.ottani.it\/en\/wp-json\/wp\/v2\/comments?post=566"}],"version-history":[{"count":0,"href":"https:\/\/www.ottani.it\/en\/wp-json\/wp\/v2\/pages\/566\/revisions"}],"wp:attachment":[{"href":"https:\/\/www.ottani.it\/en\/wp-json\/wp\/v2\/media?parent=566"}],"curies":[{"name":"wp","href":"https:\/\/api.w.org\/{rel}","templated":true}]}}