{"id":600,"date":"2017-06-01T15:59:57","date_gmt":"2017-06-01T13:59:57","guid":{"rendered":"http:\/\/works.kaitiexpansion.it\/www.ottani.it\/note-legali-e-privacy\/"},"modified":"2017-06-01T15:59:57","modified_gmt":"2017-06-01T13:59:57","slug":"note-legali-e-privacy","status":"publish","type":"page","link":"https:\/\/www.ottani.it\/en\/note-legali-e-privacy\/","title":{"rendered":"Note legali e privacy"},"content":{"rendered":"<h2>NOTE LEGALI<\/h2>\n<p>Questo sito non rappresenta una testata giornalistica, e viene aggiornato senza alcuna periodicit\u00e0, esclusivamente sulla base della disponibilit\u00e0 del materiale. Pertanto non \u00e8 un prodotto editoriale sottoposto a disciplina di cui all\u2019art.1, comma II della L.62 del 07\/03\/2011.<\/p>\n<h2>INFORMATIVA PRIVACY<\/h2>\n<p>INFORMATIVA sulla tutela dei dati personali ai sensi dell\u2019art. 13 D.Lgs. 196\/2003<\/p>\n<p>Ai sensi dell\u2019art. 13, D.Lgs. 30 giugno 2003 n. 196, Ti informiamo che Ottani Meccanica srl garantisce, nell\u2019ambito delle previsioni normative, che il trattamento dei dati personali si svolge nel rispetto dei diritti e delle libert\u00e0 fondamentali, nonch\u00e9 della dignit\u00e0 dell\u2019interessato (art. 4, comma 1, lettera i) del codice) con particolare riferimento alla riservatezza, all\u2019identit\u00e0 personale, al diritto ed alla protezione dei dati personali.<br \/>\nI servizi sono rivolti a maggiorenni. Le Newsletter sono gratuite. All&#8217;interno delle Newsletter cui ti iscriverai, potresti trovare uno o pi\u00f9 messaggi pubblicitari di nostri inserzionisti.<\/p>\n<h4>PRIVACY POLICY<\/h4>\n<p>Ai sensi dell\u2019art. 13, D.Lgs. 30 giugno 2003 n. 196, Vi informiamo che Ottani Meccanica Srl garantisce, nell\u2019ambito delle previsioni normative, che il trattamento dei dati personali si svolge nel rispetto dei diritti e delle libert\u00e0 fondamentali, nonch\u00e9 della dignit\u00e0 dell\u2019interessato (art. 4, comma 1, lettera i) del codice) con particolare riferimento alla riservatezza, all\u2019identit\u00e0 personale, al diritto ed alla protezione dei dati personali. In questa pagina si descrivono le modalit\u00e0 di gestione del sito in riferimento al trattamento dei dati personali di coloro che interagiscono con il servizio web: l\u2019informativa \u00e8 resa ai sensi del Decreto legislativo 196\/2003 (di seguito Codice Privacy) solo per il sito in oggetto e non anche per altri siti web eventualmente consultabili dall\u2019utente tramite link, di cui Ottani Meccanica Srl non \u00e8 in alcun modo responsabile.<\/p>\n<h4>OPERAZIONI DI TRATTAMENTO E RELATIVE FINALIT\u00c0<\/h4>\n<p>Tutte le informazioni personali fornite sono il risultato di una tua libera scelta: non disponiamo di mezzi illeciti per ottenere queste informazioni senza il tuo consenso. La raccolta ed il trattamento dei dati personali in oggetto verranno effettuati esclusivamente per consentire l\u2019attivazione del servizio richiesto nonch\u00e9 per rispondere alle tue domande o per soddisfare le tue richieste anche al fine di migliorare l\u2019offerta ed i servizi in linea con le tue preferenze ed i tuoi interessi. La nostra organizzazione, previa manifestazione di libero specifico consenso da parte tua, potr\u00e0 utilizzare i dati personali per finalit\u00e0 quali invio di informazioni di carattere promozionale e commerciale, a mezzo posta o telefono e\/o mediante comunicazioni elettroniche quali e-mail, fax, messaggi del tipo Sms o Mms ovvero con sistemi automatizzati, relative a nuove offerte di prodotti o servizi, volte in tutti i casi all\u2019individuazione di tue esigenze e di nuove opportunit\u00e0 di tuo possibile interesse: in tale ambito e per le suddette finalit\u00e0, il consenso al trattamento dei propri dati personali, \u00e8 meramente facoltativo, fermo restando il diritto di opposizione, in tutto o in parte (art. 7, comma 4, lett. b) del codice) ed il mancato consenso non comporter\u00e0 alcuna conseguenza sui rapporti in essere ovvero in corso di costituzione ai fini dell\u2019attivazione del servizio richiesto, precludendo il solo espletamento delle attivit\u00e0 sopraindicate.<\/p>\n<h4>MODALIT\u00c0 DI TRATTAMENTO<\/h4>\n<p>Il trattamento dei dati personali potr\u00e0 effettuarsi tramite l\u2019utilizzo di strumenti manuali e\/o automatizzati: esso comprender\u00e0 tutte le operazioni necessarie al trattamento in questione per il tempo strettamente necessario a conseguire gli scopi per i quali i dati sono stati raccolti e, comunque, in conformit\u00e0 alle disposizioni normative vigenti in materia di privacy. I dati personali saranno trattati esclusivamente da soggetti designati responsabili del trattamento ovvero da personale incaricato al trattamento, nominati dal Titolare del trattamento, Ottani Meccanica Srl, il quale ha predisposto tutte le misure minime di sicurezza informatica necessarie per ridurre al minimo il rischio di violazione della privacy degli utenti da parte di terzi, aggiornate costantemente e ogniqualvolta si dimostri indispensabile.<\/p>\n<h4>FACOLT\u00c0 DI CONFERIRE I DATI<\/h4>\n<p>L\u2019invio facoltativo, esplicito e volontario di posta elettronica agli indirizzi indicati su questo sito comporta la successiva acquisizione dell\u2019indirizzo del mittente, necessario per rispondere alle richieste, nonch\u00e9 degli eventuali altri dati personali inseriti nella missiva. Precisiamo che, nel trattare tali dati, ci atterremo scrupolosamente ai limiti ed alle condizioni imposti dal Garante privacy, nonch\u00e9 a quanto previsto dal codice di deontologia e di buona condotta, tutelando la tua riservatezza ed i tuoi diritti. I dati personali saranno trattati per il tempo strettamente necessario a conseguire gli scopi per cui sono stati raccolti: specifiche misure di sicurezza sono osservate per prevenire la perdita dei dati, usi illeciti o non corretti ed accessi non autorizzati.<\/p>\n<h4>COOKIES (non fa in alcun modo uso di cookie c.d. \u201cprofilazione\u201d)<\/h4>\n<p>I cookie sono stringhe di testo di piccole dimensioni che i siti visitati dall\u2019utente inviano al suo terminale (solitamente browser) dove vengono memorizzati per essere poi ritrasmessi agli stessi siti alla successiva visita del medesimo utente. Si individuano due macro-categorie: cookie \u201ctecnici\u201d e cookie \u201cdi profilazione\u201d.<\/p>\n<p>Questo sito utilizza i c.d. cookie \u201ctecnici\u201d al solo fine di \u201ceffettuare la trasmissione di una comunicazione su una rete elettronica, o nella misura strettamente necessaria al fornitore di un servizio esplicitamente richiesto dall\u2019utente, al fine di erogare tale servizio \u201c (art.122, comma 1, del Codice).<\/p>\n<p>I Cookie \u201ctecnici\u201d possono essere suddivisi:<\/p>\n<ul>\n<li style=\"list-style-type: none\">\n<ul>\n<li>Cookie di navigazione o di sessione, che garantiscono la normale navigazione e fruizione del sito web (permettendo, ad esempio, di realizzare un acquisto o autenticarsi per accedere ad aree riservate;<\/li>\n<\/ul>\n<\/li>\n<\/ul>\n<p>&#8211;<\/p>\n<ul>\n<li>Cookie analystics, assimilati ai cookie tecnici laddove utilizzati direttamente dal gestore del sito per raccogliere informazioni, in forma aggregata, sul numero degli utenti e su come questi visitano il sito stesso;<\/li>\n<li>Cookie di funzionalit\u00e0, che permettono all\u2019utente la navigazione in funzione di una serie di criteri selezionati (ad esempio, la lingua, i prodotti selezionati per l\u2019acquisto) al fine di migliorare il servizio reso allo stesso.<\/li>\n<\/ul>\n<p>L\u2019uso dei cookie \u201ctecnici\u201d (variabili di sessione i cui valori memorizzati sul disco fisso del dispositivo possono comunque essere cancellati: \u00e8 inoltre possibile disattivare i cookie seguendo le indicazioni fornite dai principali browser) \u00e8 strettamente limitato alla trasmissione di identificativi di sessione e di dati di utilizzo del software necessari per consentire l\u2019esplorazione sicura ed efficiente del sito. Le variabili (c.d. cookie) di sessione possono evitare il ricorso a tecniche informatiche potenzialmente pregiudizievoli per la riservatezza della navigazione degli utenti e non consentono l\u2019acquisizione di dati personali identificativi dell\u2019utente.<\/p>\n<p>QUESTO SITO NON FA IN ALCUN MODO USO DI COOKIE C.D. DI PROFILAZIONE (volti a creare profili relativi all\u2019utente ed utilizzai al fine di inviare messaggi pubblicitari in linea con le preferenze manifestate dallo stesso nell\u2019ambito della navigazione in rete) NE\u2019 DI COOKIE C.D. \u201cDI TERZE PARTI\u201d (volti a ricevere sul proprio dispositivo, nel corso della navigazione su un sito, cookie inviati da siti o web service diversi).<\/p>\n<h4>AMBITO DI CONOSCENZA DEI DATI<\/h4>\n<p>Possono venire a conoscenza dei dati esclusivamente soggetti nominati dalla scrivente Ottani Meccanica Srl, Titolare del trattamento, in qualit\u00e0 di responsabili o incaricati del trattamento: i dati potranno altres\u00ec essere trattati da soggetti terzi outsource di cui ci si avvale per l\u2019erogazione di servizi informatici, che la nostra organizzazione ha provveduto, per garantire una maggiore tutela, a nominare responsabili del trattamento limitatamente alla erogazione del servizio sopra citato. In tutti i casi, tali soggetti tratteranno i dati conformemente alle istruzioni ricevute dal Titolare, secondo profili operativi agli stessi attribuiti in relazione alle funzioni svolte, limitatamente a quanto necessario e strumentale per l\u2019esecuzione di specifiche operazioni nell\u2019ambito dei servizi richiesti ed esclusivamente per il conseguimento delle finalit\u00e0 indicate nella presente informativa.<\/p>\n<h4>COMUNICAZIONE E DIFFUSIONE<\/h4>\n<p>I dati potranno essere comunicati, con tale termine intendendosi il darne conoscenza ad uno o pi\u00f9 soggetti determinati, nei seguenti termini:<\/p>\n<ul>\n<li>a soggetti, pubblici e privati, che possono accedere ai dati in forza di disposizione di legge, di regolamento o di normativa comunitaria, nei limiti previsti da tali norme (si citano ad esempio, istituti ed enti previdenziali e assistenziali, associazioni di enti locali, amministrazioni ed enti pubblici, associazioni, fondazioni, enti od organismi di tipo associativo e\/o assicurativo)<\/li>\n<li>a soggetti che hanno necessit\u00e0 di accedere ai dati per finalit\u00e0 ausiliare al rapporto che intercorre tra le parti, nei limiti strettamente necessari per svolgere i compiti ausiliari (si citano a titolo indicativo, banche ed istituti di credito, societ\u00e0 di erogazione servizi, vettori e societ\u00e0 di spedizioni)<\/li>\n<li>a soggetti nostri consulenti, nei limiti necessari per svolgere il loro incarico presso la nostra organizzazione, previo nostra lettera di incarico che imponga il dovere di riservatezza e sicurezza.<\/li>\n<\/ul>\n<p>I dati non verranno diffusi, con tale termine intendendosi il darne conoscenza a soggetti indeterminati in qualunque modo, anche mediante la loro messa a disposizione o consultazione, a meno di uno specifico consenso, libero ed informato, concesso per ciascun tipo di trattamento.<\/p>\n<h4>DIRITTI DEGLI INTERESSATI<\/h4>\n<p>Resta salva la facolt\u00e0 dei soggetti interessati cui si riferiscono i dati personali di esercitare in ogni momento i diritti di cui all\u2019art. 7 (Diritto di accesso ai dati personali ed altri diritti) del Codice, in particolare: diritto di ottenere la conferma dell\u2019esistenza o meno dei propri dati personali, di accedervi e di conoscerne il contenuto e l\u2019origine, di verificarne l\u2019esattezza, di chiederne l\u2019integrazione o l\u2019aggiornamento, oppure la rettificazione e la cancellazione o il blocco se incompleti, erronei o raccolti in violazione della normativa vigente, nonch\u00e9 di opporsi al loro trattamento per motivi legittimi. In merito all\u2019esercizio dei propri diritti, cos\u00ec come per conoscere l\u2019elenco aggiornato dei responsabili del trattamento dei dati personali, il soggetto interessato potr\u00e0 rivolgere le proprie richieste ai sensi dell\u2019art. 13 lettera f) Dlgs 196\/ al responsabile designato per il trattamento dei dati personali, reperibile presso la sede del Titolare, anche inviando comunicazione all\u2019indirizzo e-mail info@ottani.it, al fine di ottenere tempestivo riscontro.<\/p>\n<h4>TITOLARE DEL TRATTAMENTO<\/h4>\n<p>Titolare del trattamento dei dati personali \u00e8 Ottani Meccanica Srl: sede in via dei Liutai, 9 &#8211; zona industriale Venturina 3 &#8211; 41013 Castelfranco E. (Mo)<\/p>\n","protected":false},"excerpt":{"rendered":"<p>NOTE LEGALI Questo sito non rappresenta una testata giornalistica, e viene aggiornato senza alcuna periodicit\u00e0, esclusivamente sulla base della disponibilit\u00e0 del materiale. Pertanto non \u00e8 un prodotto editoriale sottoposto a disciplina di cui all\u2019art.1, comma II della L.62 del 07\/03\/2011. INFORMATIVA PRIVACY INFORMATIVA sulla tutela dei dati personali ai sensi dell\u2019art. 13 D.Lgs. 196\/2003 Ai&hellip;<\/p>\n","protected":false},"author":4,"featured_media":0,"parent":0,"menu_order":0,"comment_status":"closed","ping_status":"closed","template":"","meta":{"footnotes":""},"class_list":["post-600","page","type-page","status-publish","hentry","description-off"],"_links":{"self":[{"href":"https:\/\/www.ottani.it\/en\/wp-json\/wp\/v2\/pages\/600","targetHints":{"allow":["GET"]}}],"collection":[{"href":"https:\/\/www.ottani.it\/en\/wp-json\/wp\/v2\/pages"}],"about":[{"href":"https:\/\/www.ottani.it\/en\/wp-json\/wp\/v2\/types\/page"}],"author":[{"embeddable":true,"href":"https:\/\/www.ottani.it\/en\/wp-json\/wp\/v2\/users\/4"}],"replies":[{"embeddable":true,"href":"https:\/\/www.ottani.it\/en\/wp-json\/wp\/v2\/comments?post=600"}],"version-history":[{"count":0,"href":"https:\/\/www.ottani.it\/en\/wp-json\/wp\/v2\/pages\/600\/revisions"}],"wp:attachment":[{"href":"https:\/\/www.ottani.it\/en\/wp-json\/wp\/v2\/media?parent=600"}],"curies":[{"name":"wp","href":"https:\/\/api.w.org\/{rel}","templated":true}]}}